{"id":3115,"date":"2024-04-26T10:44:46","date_gmt":"2024-04-26T03:44:46","guid":{"rendered":"https:\/\/avcfarm.vn\/gioi-thieu-ve-avc-farm\/tam-nhin-su-menh\/"},"modified":"2025-05-14T15:26:46","modified_gmt":"2025-05-14T08:26:46","slug":"tam-nhin-su-menh","status":"publish","type":"page","link":"https:\/\/avcfarm.vn\/vi\/gioi-thieu-ve-avc-farm\/tam-nhin-su-menh\/","title":{"rendered":"T\u1ea6M NH\u00ccN &#8211; S\u1ee8 M\u1ec6NH"},"content":{"rendered":"\t\t<div data-elementor-type=\"wp-page\" data-elementor-id=\"3115\" class=\"elementor elementor-3115 elementor-785\" data-elementor-post-type=\"page\">\n\t\t\t\t<div class=\"elementor-element elementor-element-e0ec3ac e-flex e-con-boxed e-con e-parent\" data-id=\"e0ec3ac\" data-element_type=\"container\" data-settings=\"{&quot;background_background&quot;:&quot;classic&quot;}\">\n\t\t\t\t\t<div class=\"e-con-inner\">\n\t\t<div class=\"elementor-element elementor-element-2caddb6 e-grid e-con-full e-con e-child\" data-id=\"2caddb6\" data-element_type=\"container\">\n\t\t<div class=\"elementor-element elementor-element-9812305 e-con-full e-flex e-con e-child\" data-id=\"9812305\" data-element_type=\"container\" data-settings=\"{&quot;background_background&quot;:&quot;classic&quot;}\">\n\t\t\t\t<div class=\"elementor-element elementor-element-bd04bab elementor-widget elementor-widget-heading\" data-id=\"bd04bab\" data-element_type=\"widget\" data-widget_type=\"heading.default\">\n\t\t\t\t\t<h2 class=\"elementor-heading-title elementor-size-default\">Nhi\u1ec7m v\u1ee5<\/h2>\t\t\t\t<\/div>\n\t\t\t\t<div class=\"elementor-element elementor-element-f48508b elementor-widget__width-initial elementor-widget elementor-widget-text-editor\" data-id=\"f48508b\" data-element_type=\"widget\" data-widget_type=\"text-editor.default\">\n\t\t\t\t\t\t\t\t\t<p>Cung c\u1ea5p c\u00e1c s\u1ea3n ph\u1ea9m n\u00f4ng nghi\u1ec7p ch\u1ea5t l\u01b0\u1ee3ng cao, an to\u00e0n v\u00e0 b\u1ec1n v\u1eefng. Ch\u00fang t\u00f4i cam k\u1ebft \u0111\u1ea3m b\u1ea3o s\u1ef1 xu\u1ea5t s\u1eafc t\u1eeb kh\u00e2u s\u1ea3n xu\u1ea5t \u0111\u1ebfn tay ng\u01b0\u1eddi ti\u00eau d\u00f9ng. <\/p>\t\t\t\t\t\t\t\t<\/div>\n\t\t\t\t<\/div>\n\t\t<div class=\"elementor-element elementor-element-e13c5db e-con-full e-flex e-con e-child\" data-id=\"e13c5db\" data-element_type=\"container\" data-settings=\"{&quot;background_background&quot;:&quot;classic&quot;}\">\n\t\t\t\t<div class=\"elementor-element elementor-element-bc0dbf1 elementor-widget elementor-widget-heading\" data-id=\"bc0dbf1\" data-element_type=\"widget\" data-widget_type=\"heading.default\">\n\t\t\t\t\t<h2 class=\"elementor-heading-title elementor-size-default\">T\u1ea7m nh\u00ecn<\/h2>\t\t\t\t<\/div>\n\t\t\t\t<div class=\"elementor-element elementor-element-7161565 elementor-widget__width-initial elementor-widget elementor-widget-text-editor\" data-id=\"7161565\" data-element_type=\"widget\" data-widget_type=\"text-editor.default\">\n\t\t\t\t\t\t\t\t\t<p>Tr\u1edf th\u00e0nh doanh nghi\u1ec7p h\u00e0ng \u0111\u1ea7u v\u1ec1 n\u00f4ng nghi\u1ec7p b\u1ec1n v\u1eefng, ti\u00ean phong \u1ee9ng d\u1ee5ng c\u00f4ng ngh\u1ec7 hi\u1ec7n \u0111\u1ea1i \u0111\u1ec3 n\u00e2ng cao n\u0103ng su\u1ea5t, ch\u1ea5t l\u01b0\u1ee3ng v\u00e0 gi\u00e1 tr\u1ecb s\u1ea3n ph\u1ea9m n\u00f4ng nghi\u1ec7p.<\/p>\t\t\t\t\t\t\t\t<\/div>\n\t\t\t\t<\/div>\n\t\t<div class=\"elementor-element elementor-element-371ddd1 e-con-full e-flex e-con e-child\" data-id=\"371ddd1\" data-element_type=\"container\" data-settings=\"{&quot;background_background&quot;:&quot;classic&quot;}\">\n\t\t\t\t<div class=\"elementor-element elementor-element-5cc3e4c elementor-widget elementor-widget-heading\" data-id=\"5cc3e4c\" data-element_type=\"widget\" data-widget_type=\"heading.default\">\n\t\t\t\t\t<h2 class=\"elementor-heading-title elementor-size-default\">Gi\u00e1 tr\u1ecb c\u1ed1t l\u00f5i<\/h2>\t\t\t\t<\/div>\n\t\t\t\t<div class=\"elementor-element elementor-element-5ead806 elementor-widget__width-initial elementor-widget elementor-widget-text-editor\" data-id=\"5ead806\" data-element_type=\"widget\" data-widget_type=\"text-editor.default\">\n\t\t\t\t\t\t\t\t\t<p>Ch\u1ea5t l\u01b0\u1ee3ng h\u00e0ng \u0111\u1ea7u, T\u00ednh b\u1ec1n v\u1eefng v\u00e0 tr\u00e1ch nhi\u1ec7m, Quan h\u1ec7 \u0111\u1ed1i t\u00e1c v\u1edbi n\u00f4ng d\u00e2n, \u0110\u1ed5i m\u1edbi v\u00e0 s\u00e1ng t\u1ea1o, T\u1ea7m v\u1edbi to\u00e0n c\u1ea7u, Ch\u00ednh tr\u1ef1c v\u00e0 \u0110\u1ea1o \u0111\u1ee9c.<\/p>\t\t\t\t\t\t\t\t<\/div>\n\t\t\t\t<\/div>\n\t\t\t\t<\/div>\n\t\t\t\t\t<\/div>\n\t\t\t\t<\/div>\n\t\t\t\t<\/div>\n\t\t","protected":false},"excerpt":{"rendered":"<p>Nhi\u1ec7m v\u1ee5 Cung c\u1ea5p c\u00e1c s\u1ea3n ph\u1ea9m n\u00f4ng nghi\u1ec7p ch\u1ea5t l\u01b0\u1ee3ng cao, an to\u00e0n v\u00e0 b\u1ec1n v\u1eefng. Ch\u00fang t\u00f4i cam k\u1ebft \u0111\u1ea3m b\u1ea3o s\u1ef1 xu\u1ea5t s\u1eafc t\u1eeb kh\u00e2u s\u1ea3n xu\u1ea5t [&hellip;]<\/p>\n","protected":false},"author":1,"featured_media":0,"parent":3113,"menu_order":0,"comment_status":"closed","ping_status":"closed","template":"","meta":{"site-sidebar-layout":"no-sidebar","site-content-layout":"","ast-site-content-layout":"full-width-container","site-content-style":"default","site-sidebar-style":"default","ast-global-header-display":"","ast-banner-title-visibility":"","ast-main-header-display":"","ast-hfb-above-header-display":"","ast-hfb-below-header-display":"","ast-hfb-mobile-header-display":"","site-post-title":"disabled","ast-breadcrumbs-content":"","ast-featured-img":"disabled","footer-sml-layout":"","theme-transparent-header-meta":"","adv-header-id-meta":"","stick-header-meta":"","header-above-stick-meta":"","header-main-stick-meta":"","header-below-stick-meta":"","astra-migrate-meta-layouts":"default","ast-page-background-enabled":"default","ast-page-background-meta":{"desktop":{"background-color":"var(--ast-global-color-4)","background-image":"","background-repeat":"repeat","background-position":"center center","background-size":"auto","background-attachment":"scroll","background-type":"","background-media":"","overlay-type":"","overlay-color":"","overlay-opacity":"","overlay-gradient":""},"tablet":{"background-color":"","background-image":"","background-repeat":"repeat","background-position":"center center","background-size":"auto","background-attachment":"scroll","background-type":"","background-media":"","overlay-type":"","overlay-color":"","overlay-opacity":"","overlay-gradient":""},"mobile":{"background-color":"","background-image":"","background-repeat":"repeat","background-position":"center center","background-size":"auto","background-attachment":"scroll","background-type":"","background-media":"","overlay-type":"","overlay-color":"","overlay-opacity":"","overlay-gradient":""}},"ast-content-background-meta":{"desktop":{"background-color":"var(--ast-global-color-5)","background-image":"","background-repeat":"repeat","background-position":"center center","background-size":"auto","background-attachment":"scroll","background-type":"","background-media":"","overlay-type":"","overlay-color":"","overlay-opacity":"","overlay-gradient":""},"tablet":{"background-color":"var(--ast-global-color-5)","background-image":"","background-repeat":"repeat","background-position":"center center","background-size":"auto","background-attachment":"scroll","background-type":"","background-media":"","overlay-type":"","overlay-color":"","overlay-opacity":"","overlay-gradient":""},"mobile":{"background-color":"var(--ast-global-color-5)","background-image":"","background-repeat":"repeat","background-position":"center center","background-size":"auto","background-attachment":"scroll","background-type":"","background-media":"","overlay-type":"","overlay-color":"","overlay-opacity":"","overlay-gradient":""}},"footnotes":""},"class_list":["post-3115","page","type-page","status-publish","hentry"],"yoast_head":"<!-- This site is optimized with the Yoast SEO plugin v25.7 - https:\/\/yoast.com\/wordpress\/plugins\/seo\/ -->\n<title>T\u1ea6M NH\u00ccN - S\u1ee8 M\u1ec6NH - AVC Farm<\/title>\n<meta name=\"robots\" content=\"index, follow, max-snippet:-1, max-image-preview:large, max-video-preview:-1\" \/>\n<link rel=\"canonical\" href=\"https:\/\/avcfarm.vn\/introduction-to-avc-farm\/vision-mission\/\" \/>\n<meta property=\"og:locale\" content=\"vi_VN\" \/>\n<meta property=\"og:type\" content=\"article\" \/>\n<meta property=\"og:title\" content=\"T\u1ea6M NH\u00ccN - S\u1ee8 M\u1ec6NH - AVC Farm\" \/>\n<meta property=\"og:description\" content=\"Nhi\u1ec7m v\u1ee5 Cung c\u1ea5p c\u00e1c s\u1ea3n ph\u1ea9m n\u00f4ng nghi\u1ec7p ch\u1ea5t l\u01b0\u1ee3ng cao, an to\u00e0n v\u00e0 b\u1ec1n v\u1eefng. Ch\u00fang t\u00f4i cam k\u1ebft \u0111\u1ea3m b\u1ea3o s\u1ef1 xu\u1ea5t s\u1eafc t\u1eeb kh\u00e2u s\u1ea3n xu\u1ea5t [&hellip;]\" \/>\n<meta property=\"og:url\" content=\"https:\/\/avcfarm.vn\/introduction-to-avc-farm\/vision-mission\/\" \/>\n<meta property=\"og:site_name\" content=\"AVC Farm\" \/>\n<meta property=\"article:modified_time\" content=\"2025-05-14T08:26:46+00:00\" \/>\n<meta name=\"twitter:card\" content=\"summary_large_image\" \/>\n<meta name=\"twitter:label1\" content=\"Est. reading time\" \/>\n\t<meta name=\"twitter:data1\" content=\"1 minute\" \/>\n<script type=\"application\/ld+json\" class=\"yoast-schema-graph\">{\"@context\":\"https:\/\/schema.org\",\"@graph\":[{\"@type\":\"WebPage\",\"@id\":\"https:\/\/avcfarm.vn\/introduction-to-avc-farm\/vision-mission\/\",\"url\":\"https:\/\/avcfarm.vn\/introduction-to-avc-farm\/vision-mission\/\",\"name\":\"T\u1ea6M NH\u00ccN - S\u1ee8 M\u1ec6NH - AVC Farm\",\"isPartOf\":{\"@id\":\"https:\/\/avcfarm.vn\/vi\/#website\"},\"datePublished\":\"2024-04-26T03:44:46+00:00\",\"dateModified\":\"2025-05-14T08:26:46+00:00\",\"breadcrumb\":{\"@id\":\"https:\/\/avcfarm.vn\/introduction-to-avc-farm\/vision-mission\/#breadcrumb\"},\"inLanguage\":\"vi-VN\",\"potentialAction\":[{\"@type\":\"ReadAction\",\"target\":[\"https:\/\/avcfarm.vn\/introduction-to-avc-farm\/vision-mission\/\"]}]},{\"@type\":\"BreadcrumbList\",\"@id\":\"https:\/\/avcfarm.vn\/introduction-to-avc-farm\/vision-mission\/#breadcrumb\",\"itemListElement\":[{\"@type\":\"ListItem\",\"position\":1,\"name\":\"Home\",\"item\":\"https:\/\/avcfarm.vn\/vi\/\"},{\"@type\":\"ListItem\",\"position\":2,\"name\":\"GI\u1edaI THI\u1ec6U V\u1ec0 AVC FARM\",\"item\":\"https:\/\/avcfarm.vn\/vi\/gioi-thieu-ve-avc-farm\/\"},{\"@type\":\"ListItem\",\"position\":3,\"name\":\"T\u1ea6M NH\u00ccN &#8211; S\u1ee8 M\u1ec6NH\"}]},{\"@type\":\"WebSite\",\"@id\":\"https:\/\/avcfarm.vn\/vi\/#website\",\"url\":\"https:\/\/avcfarm.vn\/vi\/\",\"name\":\"AVC Farm\",\"description\":\"\",\"publisher\":{\"@id\":\"https:\/\/avcfarm.vn\/vi\/#organization\"},\"potentialAction\":[{\"@type\":\"SearchAction\",\"target\":{\"@type\":\"EntryPoint\",\"urlTemplate\":\"https:\/\/avcfarm.vn\/vi\/?s={search_term_string}\"},\"query-input\":{\"@type\":\"PropertyValueSpecification\",\"valueRequired\":true,\"valueName\":\"search_term_string\"}}],\"inLanguage\":\"vi-VN\"},{\"@type\":\"Organization\",\"@id\":\"https:\/\/avcfarm.vn\/vi\/#organization\",\"name\":\"AVC Farm\",\"url\":\"https:\/\/avcfarm.vn\/vi\/\",\"logo\":{\"@type\":\"ImageObject\",\"inLanguage\":\"vi-VN\",\"@id\":\"https:\/\/avcfarm.vn\/vi\/#\/schema\/logo\/image\/\",\"url\":\"https:\/\/avcfarm.vn\/wp-content\/uploads\/2025\/05\/logoheader_avcgroup.png\",\"contentUrl\":\"https:\/\/avcfarm.vn\/wp-content\/uploads\/2025\/05\/logoheader_avcgroup.png\",\"width\":491,\"height\":192,\"caption\":\"AVC Farm\"},\"image\":{\"@id\":\"https:\/\/avcfarm.vn\/vi\/#\/schema\/logo\/image\/\"}}]}<\/script>\n<!-- \/ Yoast SEO plugin. -->","yoast_head_json":{"title":"T\u1ea6M NH\u00ccN - S\u1ee8 M\u1ec6NH - AVC Farm","robots":{"index":"index","follow":"follow","max-snippet":"max-snippet:-1","max-image-preview":"max-image-preview:large","max-video-preview":"max-video-preview:-1"},"canonical":"https:\/\/avcfarm.vn\/introduction-to-avc-farm\/vision-mission\/","og_locale":"vi_VN","og_type":"article","og_title":"T\u1ea6M NH\u00ccN - S\u1ee8 M\u1ec6NH - AVC Farm","og_description":"Nhi\u1ec7m v\u1ee5 Cung c\u1ea5p c\u00e1c s\u1ea3n ph\u1ea9m n\u00f4ng nghi\u1ec7p ch\u1ea5t l\u01b0\u1ee3ng cao, an to\u00e0n v\u00e0 b\u1ec1n v\u1eefng. Ch\u00fang t\u00f4i cam k\u1ebft \u0111\u1ea3m b\u1ea3o s\u1ef1 xu\u1ea5t s\u1eafc t\u1eeb kh\u00e2u s\u1ea3n xu\u1ea5t [&hellip;]","og_url":"https:\/\/avcfarm.vn\/introduction-to-avc-farm\/vision-mission\/","og_site_name":"AVC Farm","article_modified_time":"2025-05-14T08:26:46+00:00","twitter_card":"summary_large_image","twitter_misc":{"Est. reading time":"1 minute"},"schema":{"@context":"https:\/\/schema.org","@graph":[{"@type":"WebPage","@id":"https:\/\/avcfarm.vn\/introduction-to-avc-farm\/vision-mission\/","url":"https:\/\/avcfarm.vn\/introduction-to-avc-farm\/vision-mission\/","name":"T\u1ea6M NH\u00ccN - S\u1ee8 M\u1ec6NH - AVC Farm","isPartOf":{"@id":"https:\/\/avcfarm.vn\/vi\/#website"},"datePublished":"2024-04-26T03:44:46+00:00","dateModified":"2025-05-14T08:26:46+00:00","breadcrumb":{"@id":"https:\/\/avcfarm.vn\/introduction-to-avc-farm\/vision-mission\/#breadcrumb"},"inLanguage":"vi-VN","potentialAction":[{"@type":"ReadAction","target":["https:\/\/avcfarm.vn\/introduction-to-avc-farm\/vision-mission\/"]}]},{"@type":"BreadcrumbList","@id":"https:\/\/avcfarm.vn\/introduction-to-avc-farm\/vision-mission\/#breadcrumb","itemListElement":[{"@type":"ListItem","position":1,"name":"Home","item":"https:\/\/avcfarm.vn\/vi\/"},{"@type":"ListItem","position":2,"name":"GI\u1edaI THI\u1ec6U V\u1ec0 AVC FARM","item":"https:\/\/avcfarm.vn\/vi\/gioi-thieu-ve-avc-farm\/"},{"@type":"ListItem","position":3,"name":"T\u1ea6M NH\u00ccN &#8211; S\u1ee8 M\u1ec6NH"}]},{"@type":"WebSite","@id":"https:\/\/avcfarm.vn\/vi\/#website","url":"https:\/\/avcfarm.vn\/vi\/","name":"AVC Farm","description":"","publisher":{"@id":"https:\/\/avcfarm.vn\/vi\/#organization"},"potentialAction":[{"@type":"SearchAction","target":{"@type":"EntryPoint","urlTemplate":"https:\/\/avcfarm.vn\/vi\/?s={search_term_string}"},"query-input":{"@type":"PropertyValueSpecification","valueRequired":true,"valueName":"search_term_string"}}],"inLanguage":"vi-VN"},{"@type":"Organization","@id":"https:\/\/avcfarm.vn\/vi\/#organization","name":"AVC Farm","url":"https:\/\/avcfarm.vn\/vi\/","logo":{"@type":"ImageObject","inLanguage":"vi-VN","@id":"https:\/\/avcfarm.vn\/vi\/#\/schema\/logo\/image\/","url":"https:\/\/avcfarm.vn\/wp-content\/uploads\/2025\/05\/logoheader_avcgroup.png","contentUrl":"https:\/\/avcfarm.vn\/wp-content\/uploads\/2025\/05\/logoheader_avcgroup.png","width":491,"height":192,"caption":"AVC Farm"},"image":{"@id":"https:\/\/avcfarm.vn\/vi\/#\/schema\/logo\/image\/"}}]}},"_links":{"self":[{"href":"https:\/\/avcfarm.vn\/vi\/wp-json\/wp\/v2\/pages\/3115","targetHints":{"allow":["GET"]}}],"collection":[{"href":"https:\/\/avcfarm.vn\/vi\/wp-json\/wp\/v2\/pages"}],"about":[{"href":"https:\/\/avcfarm.vn\/vi\/wp-json\/wp\/v2\/types\/page"}],"author":[{"embeddable":true,"href":"https:\/\/avcfarm.vn\/vi\/wp-json\/wp\/v2\/users\/1"}],"replies":[{"embeddable":true,"href":"https:\/\/avcfarm.vn\/vi\/wp-json\/wp\/v2\/comments?post=3115"}],"version-history":[{"count":0,"href":"https:\/\/avcfarm.vn\/vi\/wp-json\/wp\/v2\/pages\/3115\/revisions"}],"up":[{"embeddable":true,"href":"https:\/\/avcfarm.vn\/vi\/wp-json\/wp\/v2\/pages\/3113"}],"wp:attachment":[{"href":"https:\/\/avcfarm.vn\/vi\/wp-json\/wp\/v2\/media?parent=3115"}],"curies":[{"name":"wp","href":"https:\/\/api.w.org\/{rel}","templated":true}]}}