{"id":3220,"date":"2025-04-28T11:46:07","date_gmt":"2025-04-28T04:46:07","guid":{"rendered":"https:\/\/avcfarm.vn\/san-pham\/hat-sen-den\/"},"modified":"2025-05-22T10:22:35","modified_gmt":"2025-05-22T03:22:35","slug":"hat-sen-den","status":"publish","type":"product","link":"https:\/\/avcfarm.vn\/vi\/san-pham\/hat-sen-den\/","title":{"rendered":"H\u1ea0T SEN \u0110EN"},"content":{"rendered":"<p class=\"\" data-start=\"1304\" data-end=\"1324\"><strong data-start=\"1304\" data-end=\"1324\">Chi ti\u1ebft s\u1ea3n ph\u1ea9m:<\/strong><\/p>\n<ul data-start=\"1325\" data-end=\"1696\">\n<li class=\"\" data-start=\"1325\" data-end=\"1362\">\n<p class=\"\" data-start=\"1327\" data-end=\"1362\"><strong data-start=\"1327\" data-end=\"1344\">T\u00ean s\u1ea3n ph\u1ea9m: <\/strong>H\u1ea1t sen \u0111en<\/p>\n<\/li>\n<li class=\"\" data-start=\"1363\" data-end=\"1398\">\n<p class=\"\" data-start=\"1365\" data-end=\"1398\"><strong data-start=\"1365\" data-end=\"1386\">\u0110\u1ed9 \u1ea9m: <\/strong>T\u1ed1i \u0111a 10%<\/p>\n<\/li>\n<li class=\"\" data-start=\"1399\" data-end=\"1466\">\n<p class=\"\" data-start=\"1401\" data-end=\"1466\"><strong data-start=\"1401\" data-end=\"1428\">H\u1ed7n h\u1ee3p &amp; H\u1ea1t ch\u1ebft: <\/strong>T\u1ed1i \u0111a 1% (\u0111\u01b0\u1ee3c l\u00e0m s\u1ea1ch b\u1eb1ng m\u00e1y\/con ng\u01b0\u1eddi)<\/p>\n<\/li>\n<li class=\"\" data-start=\"1467\" data-end=\"1501\">\n<p class=\"\" data-start=\"1469\" data-end=\"1501\"><strong data-start=\"1469\" data-end=\"1488\">H\u1ea1t nh\u00e2n b\u1ecb h\u1ecfng:<\/strong> T\u1ed1i \u0111a 0,5%<\/p>\n<\/li>\n<li class=\"\" data-start=\"1502\" data-end=\"1589\">\n<p class=\"\" data-start=\"1504\" data-end=\"1519\"><strong data-start=\"1504\" data-end=\"1519\">S\u1ed1 l\u01b0\u1ee3ng h\u1ea1t gi\u1ed1ng:<\/strong><\/p>\n<ul data-start=\"1522\" data-end=\"1589\">\n<li class=\"\" data-start=\"1522\" data-end=\"1552\">\n<p class=\"\" data-start=\"1524\" data-end=\"1552\">Size l\u1edbn: 880 \u2013 960 h\u1ea1t\/kg<\/p>\n<\/li>\n<li class=\"\" data-start=\"1555\" data-end=\"1589\">\n<p class=\"\" data-start=\"1557\" data-end=\"1589\">K\u00edch th\u01b0\u1edbc nh\u1ecf: 1100 \u2013 1200 h\u1ea1t\/kg<\/p>\n<\/li>\n<\/ul>\n<\/li>\n<li class=\"\" data-start=\"1590\" data-end=\"1636\">\n<p class=\"\" data-start=\"1592\" data-end=\"1636\"><strong data-start=\"1592\" data-end=\"1607\">Ngo\u1ea1i h\u00ecnh: <\/strong>H\u00ecnh tr\u1ee9ng, m\u00e0u \u0111en \u0111\u1eadm<\/p>\n<\/li>\n<li class=\"\" data-start=\"1637\" data-end=\"1674\">\n<p class=\"\" data-start=\"1639\" data-end=\"1674\"><strong data-start=\"1639\" data-end=\"1651\">\u0110\u00f3ng g\u00f3i: <\/strong>50kg trong bao PP \u0111\u00f4i<\/p>\n<\/li>\n<li class=\"\" data-start=\"1675\" data-end=\"1696\">\n<p class=\"\" data-start=\"1677\" data-end=\"1696\"><strong data-start=\"1677\" data-end=\"1688\">Xu\u1ea5t x\u1ee9:<\/strong> Vi\u1ec7t Nam<\/p>\n<\/li>\n<\/ul>\n","protected":false},"excerpt":{"rendered":"<ul>\n<li>\u0110\u1ed9 \u1ea9m: T\u1ed1i \u0111a 10%<\/li>\n<li>T\u1ea1p ch\u1ea5t &amp; h\u1ea1t ch\u1ebft: T\u1ed1i \u0111a 1% (L\u00e0m s\u1ea1ch b\u1eb1ng m\u00e1y k\u1ebft h\u1ee3p th\u1ee7 c\u00f4ng) <\/li>\n<li>H\u1ea1t v\u1ee1: T\u1ed1i \u0111a 0,5%<\/li>\n<li>S\u1ed1 h\u1ea1t tr\u00ean m\u1ed7i kg: Lo\u1ea1i l\u1edbn: 880 \u2013 960 h\u1ea1t\/kg; Lo\u1ea1i nh\u1ecf: 1100 \u2013 1200 h\u1ea1t\/kg<\/li>\n<li>H\u00ecnh d\u00e1ng: D\u1ea1ng tr\u1ee9ng, m\u00e0u \u0111en \u0111\u1eadm<\/li>\n<li>\u0110\u00f3ng g\u00f3i: 50 kg\/bao PP k\u00e9p (Double PP bag)<\/li>\n<\/ul>\n","protected":false},"featured_media":2570,"comment_status":"open","ping_status":"closed","template":"","meta":{"site-sidebar-layout":"default","site-content-layout":"","ast-site-content-layout":"default","site-content-style":"default","site-sidebar-style":"default","ast-global-header-display":"","ast-banner-title-visibility":"","ast-main-header-display":"","ast-hfb-above-header-display":"","ast-hfb-below-header-display":"","ast-hfb-mobile-header-display":"","site-post-title":"","ast-breadcrumbs-content":"","ast-featured-img":"","footer-sml-layout":"","theme-transparent-header-meta":"default","adv-header-id-meta":"","stick-header-meta":"default","header-above-stick-meta":"","header-main-stick-meta":"","header-below-stick-meta":"","astra-migrate-meta-layouts":"default","ast-page-background-enabled":"default","ast-page-background-meta":{"desktop":{"background-color":"var(--ast-global-color-4)","background-image":"","background-repeat":"repeat","background-position":"center center","background-size":"auto","background-attachment":"scroll","background-type":"","background-media":"","overlay-type":"","overlay-color":"","overlay-opacity":"","overlay-gradient":""},"tablet":{"background-color":"","background-image":"","background-repeat":"repeat","background-position":"center center","background-size":"auto","background-attachment":"scroll","background-type":"","background-media":"","overlay-type":"","overlay-color":"","overlay-opacity":"","overlay-gradient":""},"mobile":{"background-color":"","background-image":"","background-repeat":"repeat","background-position":"center center","background-size":"auto","background-attachment":"scroll","background-type":"","background-media":"","overlay-type":"","overlay-color":"","overlay-opacity":"","overlay-gradient":""}},"ast-content-background-meta":{"desktop":{"background-color":"var(--ast-global-color-5)","background-image":"","background-repeat":"repeat","background-position":"center center","background-size":"auto","background-attachment":"scroll","background-type":"","background-media":"","overlay-type":"","overlay-color":"","overlay-opacity":"","overlay-gradient":""},"tablet":{"background-color":"var(--ast-global-color-5)","background-image":"","background-repeat":"repeat","background-position":"center center","background-size":"auto","background-attachment":"scroll","background-type":"","background-media":"","overlay-type":"","overlay-color":"","overlay-opacity":"","overlay-gradient":""},"mobile":{"background-color":"var(--ast-global-color-5)","background-image":"","background-repeat":"repeat","background-position":"center center","background-size":"auto","background-attachment":"scroll","background-type":"","background-media":"","overlay-type":"","overlay-color":"","overlay-opacity":"","overlay-gradient":""}}},"product_brand":[],"product_cat":[66],"product_tag":[],"class_list":{"0":"post-3220","1":"product","2":"type-product","3":"status-publish","4":"has-post-thumbnail","6":"product_cat-hat-sen-den","7":"desktop-align-center","8":"tablet-align-left","9":"mobile-align-left","10":"ast-product-gallery-layout-horizontal-slider","11":"ast-product-tabs-layout-horizontal","13":"first","14":"instock","15":"shipping-taxable","16":"product-type-simple"},"yoast_head":"<!-- This site is optimized with the Yoast SEO plugin v25.7 - https:\/\/yoast.com\/wordpress\/plugins\/seo\/ -->\n<title>H\u1ea0T SEN \u0110EN - AVC Farm<\/title>\n<meta name=\"robots\" content=\"index, follow, max-snippet:-1, max-image-preview:large, max-video-preview:-1\" \/>\n<link rel=\"canonical\" href=\"https:\/\/avcfarm.vn\/san-pham\/black-lotus-seeds\/\" \/>\n<meta property=\"og:locale\" content=\"vi_VN\" \/>\n<meta property=\"og:type\" content=\"article\" \/>\n<meta property=\"og:title\" content=\"H\u1ea0T SEN \u0110EN - AVC Farm\" \/>\n<meta property=\"og:description\" content=\"\u0110\u1ed9 \u1ea9m: T\u1ed1i \u0111a 10%  T\u1ea1p ch\u1ea5t &amp; h\u1ea1t ch\u1ebft: T\u1ed1i \u0111a 1% (L\u00e0m s\u1ea1ch b\u1eb1ng m\u00e1y k\u1ebft h\u1ee3p th\u1ee7 c\u00f4ng)  H\u1ea1t v\u1ee1: T\u1ed1i \u0111a 0,5%  S\u1ed1 h\u1ea1t tr\u00ean m\u1ed7i kg: Lo\u1ea1i l\u1edbn: 880 \u2013 960 h\u1ea1t\/kg; Lo\u1ea1i nh\u1ecf: 1100 \u2013 1200 h\u1ea1t\/kg  H\u00ecnh d\u00e1ng: D\u1ea1ng tr\u1ee9ng, m\u00e0u \u0111en \u0111\u1eadm  \u0110\u00f3ng g\u00f3i: 50 kg\/bao PP k\u00e9p (Double PP bag)\" \/>\n<meta property=\"og:url\" content=\"https:\/\/avcfarm.vn\/san-pham\/black-lotus-seeds\/\" \/>\n<meta property=\"og:site_name\" content=\"AVC Farm\" \/>\n<meta property=\"article:modified_time\" content=\"2025-05-22T03:22:35+00:00\" \/>\n<meta property=\"og:image\" content=\"https:\/\/avcfarm.vn\/wp-content\/uploads\/2025\/04\/z5892881721255_1c8d7b6b68ef32e4db1ceb03466f5b79-e1745815508158.jpg\" \/>\n\t<meta property=\"og:image:width\" content=\"600\" \/>\n\t<meta property=\"og:image:height\" content=\"450\" \/>\n\t<meta property=\"og:image:type\" content=\"image\/jpeg\" \/>\n<meta name=\"twitter:card\" content=\"summary_large_image\" \/>\n<meta name=\"twitter:label1\" content=\"Est. reading time\" \/>\n\t<meta name=\"twitter:data1\" content=\"1 minute\" \/>\n<script type=\"application\/ld+json\" class=\"yoast-schema-graph\">{\"@context\":\"https:\/\/schema.org\",\"@graph\":[{\"@type\":\"WebPage\",\"@id\":\"https:\/\/avcfarm.vn\/san-pham\/black-lotus-seeds\/\",\"url\":\"https:\/\/avcfarm.vn\/san-pham\/black-lotus-seeds\/\",\"name\":\"H\u1ea0T SEN \u0110EN - AVC Farm\",\"isPartOf\":{\"@id\":\"https:\/\/avcfarm.vn\/vi\/#website\"},\"primaryImageOfPage\":{\"@id\":\"https:\/\/avcfarm.vn\/san-pham\/black-lotus-seeds\/#primaryimage\"},\"image\":{\"@id\":\"https:\/\/avcfarm.vn\/san-pham\/black-lotus-seeds\/#primaryimage\"},\"thumbnailUrl\":\"https:\/\/avcfarm.vn\/wp-content\/uploads\/2025\/04\/z5892881721255_1c8d7b6b68ef32e4db1ceb03466f5b79-e1745815508158.jpg\",\"datePublished\":\"2025-04-28T04:46:07+00:00\",\"dateModified\":\"2025-05-22T03:22:35+00:00\",\"breadcrumb\":{\"@id\":\"https:\/\/avcfarm.vn\/san-pham\/black-lotus-seeds\/#breadcrumb\"},\"inLanguage\":\"vi-VN\",\"potentialAction\":[{\"@type\":\"ReadAction\",\"target\":[\"https:\/\/avcfarm.vn\/san-pham\/black-lotus-seeds\/\"]}]},{\"@type\":\"ImageObject\",\"inLanguage\":\"vi-VN\",\"@id\":\"https:\/\/avcfarm.vn\/san-pham\/black-lotus-seeds\/#primaryimage\",\"url\":\"https:\/\/avcfarm.vn\/wp-content\/uploads\/2025\/04\/z5892881721255_1c8d7b6b68ef32e4db1ceb03466f5b79-e1745815508158.jpg\",\"contentUrl\":\"https:\/\/avcfarm.vn\/wp-content\/uploads\/2025\/04\/z5892881721255_1c8d7b6b68ef32e4db1ceb03466f5b79-e1745815508158.jpg\",\"width\":600,\"height\":450},{\"@type\":\"BreadcrumbList\",\"@id\":\"https:\/\/avcfarm.vn\/san-pham\/black-lotus-seeds\/#breadcrumb\",\"itemListElement\":[{\"@type\":\"ListItem\",\"position\":1,\"name\":\"Home\",\"item\":\"https:\/\/avcfarm.vn\/vi\/\"},{\"@type\":\"ListItem\",\"position\":2,\"name\":\"Shop\",\"item\":\"https:\/\/avcfarm.vn\/vi\/shop\/\"},{\"@type\":\"ListItem\",\"position\":3,\"name\":\"H\u1ea0T SEN \u0110EN\"}]},{\"@type\":\"WebSite\",\"@id\":\"https:\/\/avcfarm.vn\/vi\/#website\",\"url\":\"https:\/\/avcfarm.vn\/vi\/\",\"name\":\"AVC Farm\",\"description\":\"\",\"publisher\":{\"@id\":\"https:\/\/avcfarm.vn\/vi\/#organization\"},\"potentialAction\":[{\"@type\":\"SearchAction\",\"target\":{\"@type\":\"EntryPoint\",\"urlTemplate\":\"https:\/\/avcfarm.vn\/vi\/?s={search_term_string}\"},\"query-input\":{\"@type\":\"PropertyValueSpecification\",\"valueRequired\":true,\"valueName\":\"search_term_string\"}}],\"inLanguage\":\"vi-VN\"},{\"@type\":\"Organization\",\"@id\":\"https:\/\/avcfarm.vn\/vi\/#organization\",\"name\":\"AVC Farm\",\"url\":\"https:\/\/avcfarm.vn\/vi\/\",\"logo\":{\"@type\":\"ImageObject\",\"inLanguage\":\"vi-VN\",\"@id\":\"https:\/\/avcfarm.vn\/vi\/#\/schema\/logo\/image\/\",\"url\":\"https:\/\/avcfarm.vn\/wp-content\/uploads\/2025\/05\/logoheader_avcgroup.png\",\"contentUrl\":\"https:\/\/avcfarm.vn\/wp-content\/uploads\/2025\/05\/logoheader_avcgroup.png\",\"width\":491,\"height\":192,\"caption\":\"AVC Farm\"},\"image\":{\"@id\":\"https:\/\/avcfarm.vn\/vi\/#\/schema\/logo\/image\/\"}}]}<\/script>\n<!-- \/ Yoast SEO plugin. -->","yoast_head_json":{"title":"H\u1ea0T SEN \u0110EN - AVC Farm","robots":{"index":"index","follow":"follow","max-snippet":"max-snippet:-1","max-image-preview":"max-image-preview:large","max-video-preview":"max-video-preview:-1"},"canonical":"https:\/\/avcfarm.vn\/san-pham\/black-lotus-seeds\/","og_locale":"vi_VN","og_type":"article","og_title":"H\u1ea0T SEN \u0110EN - AVC Farm","og_description":"\u0110\u1ed9 \u1ea9m: T\u1ed1i \u0111a 10%  T\u1ea1p ch\u1ea5t &amp; h\u1ea1t ch\u1ebft: T\u1ed1i \u0111a 1% (L\u00e0m s\u1ea1ch b\u1eb1ng m\u00e1y k\u1ebft h\u1ee3p th\u1ee7 c\u00f4ng)  H\u1ea1t v\u1ee1: T\u1ed1i \u0111a 0,5%  S\u1ed1 h\u1ea1t tr\u00ean m\u1ed7i kg: Lo\u1ea1i l\u1edbn: 880 \u2013 960 h\u1ea1t\/kg; Lo\u1ea1i nh\u1ecf: 1100 \u2013 1200 h\u1ea1t\/kg  H\u00ecnh d\u00e1ng: D\u1ea1ng tr\u1ee9ng, m\u00e0u \u0111en \u0111\u1eadm  \u0110\u00f3ng g\u00f3i: 50 kg\/bao PP k\u00e9p (Double PP bag)","og_url":"https:\/\/avcfarm.vn\/san-pham\/black-lotus-seeds\/","og_site_name":"AVC Farm","article_modified_time":"2025-05-22T03:22:35+00:00","og_image":[{"width":600,"height":450,"url":"https:\/\/avcfarm.vn\/wp-content\/uploads\/2025\/04\/z5892881721255_1c8d7b6b68ef32e4db1ceb03466f5b79-e1745815508158.jpg","type":"image\/jpeg"}],"twitter_card":"summary_large_image","twitter_misc":{"Est. reading time":"1 minute"},"schema":{"@context":"https:\/\/schema.org","@graph":[{"@type":"WebPage","@id":"https:\/\/avcfarm.vn\/san-pham\/black-lotus-seeds\/","url":"https:\/\/avcfarm.vn\/san-pham\/black-lotus-seeds\/","name":"H\u1ea0T SEN \u0110EN - AVC Farm","isPartOf":{"@id":"https:\/\/avcfarm.vn\/vi\/#website"},"primaryImageOfPage":{"@id":"https:\/\/avcfarm.vn\/san-pham\/black-lotus-seeds\/#primaryimage"},"image":{"@id":"https:\/\/avcfarm.vn\/san-pham\/black-lotus-seeds\/#primaryimage"},"thumbnailUrl":"https:\/\/avcfarm.vn\/wp-content\/uploads\/2025\/04\/z5892881721255_1c8d7b6b68ef32e4db1ceb03466f5b79-e1745815508158.jpg","datePublished":"2025-04-28T04:46:07+00:00","dateModified":"2025-05-22T03:22:35+00:00","breadcrumb":{"@id":"https:\/\/avcfarm.vn\/san-pham\/black-lotus-seeds\/#breadcrumb"},"inLanguage":"vi-VN","potentialAction":[{"@type":"ReadAction","target":["https:\/\/avcfarm.vn\/san-pham\/black-lotus-seeds\/"]}]},{"@type":"ImageObject","inLanguage":"vi-VN","@id":"https:\/\/avcfarm.vn\/san-pham\/black-lotus-seeds\/#primaryimage","url":"https:\/\/avcfarm.vn\/wp-content\/uploads\/2025\/04\/z5892881721255_1c8d7b6b68ef32e4db1ceb03466f5b79-e1745815508158.jpg","contentUrl":"https:\/\/avcfarm.vn\/wp-content\/uploads\/2025\/04\/z5892881721255_1c8d7b6b68ef32e4db1ceb03466f5b79-e1745815508158.jpg","width":600,"height":450},{"@type":"BreadcrumbList","@id":"https:\/\/avcfarm.vn\/san-pham\/black-lotus-seeds\/#breadcrumb","itemListElement":[{"@type":"ListItem","position":1,"name":"Home","item":"https:\/\/avcfarm.vn\/vi\/"},{"@type":"ListItem","position":2,"name":"Shop","item":"https:\/\/avcfarm.vn\/vi\/shop\/"},{"@type":"ListItem","position":3,"name":"H\u1ea0T SEN \u0110EN"}]},{"@type":"WebSite","@id":"https:\/\/avcfarm.vn\/vi\/#website","url":"https:\/\/avcfarm.vn\/vi\/","name":"AVC Farm","description":"","publisher":{"@id":"https:\/\/avcfarm.vn\/vi\/#organization"},"potentialAction":[{"@type":"SearchAction","target":{"@type":"EntryPoint","urlTemplate":"https:\/\/avcfarm.vn\/vi\/?s={search_term_string}"},"query-input":{"@type":"PropertyValueSpecification","valueRequired":true,"valueName":"search_term_string"}}],"inLanguage":"vi-VN"},{"@type":"Organization","@id":"https:\/\/avcfarm.vn\/vi\/#organization","name":"AVC Farm","url":"https:\/\/avcfarm.vn\/vi\/","logo":{"@type":"ImageObject","inLanguage":"vi-VN","@id":"https:\/\/avcfarm.vn\/vi\/#\/schema\/logo\/image\/","url":"https:\/\/avcfarm.vn\/wp-content\/uploads\/2025\/05\/logoheader_avcgroup.png","contentUrl":"https:\/\/avcfarm.vn\/wp-content\/uploads\/2025\/05\/logoheader_avcgroup.png","width":491,"height":192,"caption":"AVC Farm"},"image":{"@id":"https:\/\/avcfarm.vn\/vi\/#\/schema\/logo\/image\/"}}]}},"_links":{"self":[{"href":"https:\/\/avcfarm.vn\/vi\/wp-json\/wp\/v2\/product\/3220","targetHints":{"allow":["GET"]}}],"collection":[{"href":"https:\/\/avcfarm.vn\/vi\/wp-json\/wp\/v2\/product"}],"about":[{"href":"https:\/\/avcfarm.vn\/vi\/wp-json\/wp\/v2\/types\/product"}],"replies":[{"embeddable":true,"href":"https:\/\/avcfarm.vn\/vi\/wp-json\/wp\/v2\/comments?post=3220"}],"wp:featuredmedia":[{"embeddable":true,"href":"https:\/\/avcfarm.vn\/vi\/wp-json\/wp\/v2\/media\/2570"}],"wp:attachment":[{"href":"https:\/\/avcfarm.vn\/vi\/wp-json\/wp\/v2\/media?parent=3220"}],"wp:term":[{"taxonomy":"product_brand","embeddable":true,"href":"https:\/\/avcfarm.vn\/vi\/wp-json\/wp\/v2\/product_brand?post=3220"},{"taxonomy":"product_cat","embeddable":true,"href":"https:\/\/avcfarm.vn\/vi\/wp-json\/wp\/v2\/product_cat?post=3220"},{"taxonomy":"product_tag","embeddable":true,"href":"https:\/\/avcfarm.vn\/vi\/wp-json\/wp\/v2\/product_tag?post=3220"}],"curies":[{"name":"wp","href":"https:\/\/api.w.org\/{rel}","templated":true}]}}