{"id":3238,"date":"2025-04-28T10:51:38","date_gmt":"2025-04-28T03:51:38","guid":{"rendered":"https:\/\/avcfarm.vn\/san-pham\/que-cat-vuong-co-vo\/"},"modified":"2025-05-21T17:28:19","modified_gmt":"2025-05-21T10:28:19","slug":"que-cat-vuong-co-vo","status":"publish","type":"product","link":"https:\/\/avcfarm.vn\/vi\/san-pham\/que-cat-vuong-co-vo\/","title":{"rendered":"Qu\u1ebf c\u1eaft vu\u00f4ng c\u00f3 v\u1ecf"},"content":{"rendered":"<p class=\"\" data-start=\"901\" data-end=\"921\"><strong data-start=\"901\" data-end=\"921\">Chi ti\u1ebft s\u1ea3n ph\u1ea9m:<\/strong><\/p>\n<ul data-start=\"922\" data-end=\"1177\">\n<li class=\"\" data-start=\"922\" data-end=\"969\">\n<p class=\"\" data-start=\"924\" data-end=\"969\"><strong data-start=\"924\" data-end=\"941\">T\u00ean s\u1ea3n ph\u1ea9m: <\/strong>Cassia c\u1eaft vu\u00f4ng c\u00f3 v\u1ecf<\/p>\n<\/li>\n<li class=\"\" data-start=\"970\" data-end=\"1007\">\n<p class=\"\" data-start=\"972\" data-end=\"1007\"><strong data-start=\"972\" data-end=\"993\">\u0110\u1ed9 \u1ea9m: <\/strong>T\u1ed1i \u0111a 13,5%<\/p>\n<\/li>\n<li class=\"\" data-start=\"1008\" data-end=\"1037\">\n<p class=\"\" data-start=\"1010\" data-end=\"1037\"><strong data-start=\"1010\" data-end=\"1024\">T\u1ea1p ch\u1ea5t:<\/strong> T\u1ed1i \u0111a 0,5%<\/p>\n<\/li>\n<li class=\"\" data-start=\"1038\" data-end=\"1068\">\n<p class=\"\" data-start=\"1040\" data-end=\"1068\"><strong data-start=\"1040\" data-end=\"1054\">\u0110\u1ed9 d\u00e0y: <\/strong>T\u1ed1i thi\u1ec3u 2,2mm<\/p>\n<\/li>\n<li class=\"\" data-start=\"1069\" data-end=\"1091\">\n<p class=\"\" data-start=\"1071\" data-end=\"1091\"><strong data-start=\"1071\" data-end=\"1080\">K\u00edch th\u01b0\u1edbc:<\/strong> 2 x 2cm tr\u1edf l\u00ean<\/p>\n<\/li>\n<li class=\"\" data-start=\"1092\" data-end=\"1155\">\n<p class=\"\" data-start=\"1094\" data-end=\"1155\"><strong data-start=\"1094\" data-end=\"1106\">\u0110\u00f3ng g\u00f3i: <\/strong>Th\u00f9ng carton (T\u1ecbnh 10 kg) ho\u1eb7c T\u00f9y ch\u1ecdn \u0111\u00f3ng g\u00f3i theo y\u00eau c\u1ea7u<\/p>\n<\/li>\n<li class=\"\" data-start=\"1156\" data-end=\"1177\">\n<p class=\"\" data-start=\"1158\" data-end=\"1177\"><strong data-start=\"1158\" data-end=\"1169\">Xu\u1ea5t x\u1ee9:<\/strong> Vi\u1ec7t Nam<\/p>\n<\/li>\n<\/ul>\n","protected":false},"excerpt":{"rendered":"<p>&#8211; <span style=\"font-weight: 400;\">\u0110\u1ed9 \u1ea9m: <\/span>13,5% t\u1ed1i \u0111a<br \/>\n&#8211; \u0110\u1ed9 pha tr\u1ed9n: 0,5% t\u1ed1i \u0111a<br \/>\n&#8211; \u0110\u1ed9 d\u00e0y: 2,2mm t\u1ed1i thi\u1ec3u<br \/>\n&#8211; K\u00edch th\u01b0\u1edbc: 2 x 2cm tr\u1edf l\u00ean<br \/>\n&#8211; \u0110\u00f3ng g\u00f3i: Th\u00f9ng carton (t\u1ecbnh 10 kg) ho\u1eb7c t\u00f9y ch\u1ec9nh<\/p>\n","protected":false},"featured_media":2549,"comment_status":"open","ping_status":"closed","template":"","meta":{"site-sidebar-layout":"default","site-content-layout":"","ast-site-content-layout":"default","site-content-style":"default","site-sidebar-style":"default","ast-global-header-display":"","ast-banner-title-visibility":"","ast-main-header-display":"","ast-hfb-above-header-display":"","ast-hfb-below-header-display":"","ast-hfb-mobile-header-display":"","site-post-title":"","ast-breadcrumbs-content":"","ast-featured-img":"","footer-sml-layout":"","theme-transparent-header-meta":"default","adv-header-id-meta":"","stick-header-meta":"default","header-above-stick-meta":"","header-main-stick-meta":"","header-below-stick-meta":"","astra-migrate-meta-layouts":"default","ast-page-background-enabled":"default","ast-page-background-meta":{"desktop":{"background-color":"var(--ast-global-color-4)","background-image":"","background-repeat":"repeat","background-position":"center center","background-size":"auto","background-attachment":"scroll","background-type":"","background-media":"","overlay-type":"","overlay-color":"","overlay-opacity":"","overlay-gradient":""},"tablet":{"background-color":"","background-image":"","background-repeat":"repeat","background-position":"center center","background-size":"auto","background-attachment":"scroll","background-type":"","background-media":"","overlay-type":"","overlay-color":"","overlay-opacity":"","overlay-gradient":""},"mobile":{"background-color":"","background-image":"","background-repeat":"repeat","background-position":"center center","background-size":"auto","background-attachment":"scroll","background-type":"","background-media":"","overlay-type":"","overlay-color":"","overlay-opacity":"","overlay-gradient":""}},"ast-content-background-meta":{"desktop":{"background-color":"var(--ast-global-color-5)","background-image":"","background-repeat":"repeat","background-position":"center center","background-size":"auto","background-attachment":"scroll","background-type":"","background-media":"","overlay-type":"","overlay-color":"","overlay-opacity":"","overlay-gradient":""},"tablet":{"background-color":"var(--ast-global-color-5)","background-image":"","background-repeat":"repeat","background-position":"center center","background-size":"auto","background-attachment":"scroll","background-type":"","background-media":"","overlay-type":"","overlay-color":"","overlay-opacity":"","overlay-gradient":""},"mobile":{"background-color":"var(--ast-global-color-5)","background-image":"","background-repeat":"repeat","background-position":"center center","background-size":"auto","background-attachment":"scroll","background-type":"","background-media":"","overlay-type":"","overlay-color":"","overlay-opacity":"","overlay-gradient":""}}},"product_brand":[],"product_cat":[68],"product_tag":[],"class_list":{"0":"post-3238","1":"product","2":"type-product","3":"status-publish","4":"has-post-thumbnail","6":"product_cat-que","7":"desktop-align-center","8":"tablet-align-left","9":"mobile-align-left","10":"ast-product-gallery-layout-horizontal-slider","11":"ast-product-tabs-layout-horizontal","13":"first","14":"instock","15":"shipping-taxable","16":"product-type-simple"},"yoast_head":"<!-- This site is optimized with the Yoast SEO plugin v25.7 - https:\/\/yoast.com\/wordpress\/plugins\/seo\/ -->\n<title>Qu\u1ebf c\u1eaft vu\u00f4ng c\u00f3 v\u1ecf - AVC Farm<\/title>\n<meta name=\"robots\" content=\"index, follow, max-snippet:-1, max-image-preview:large, max-video-preview:-1\" \/>\n<link rel=\"canonical\" href=\"https:\/\/avcfarm.vn\/vi\/san-pham\/que-cat-vuong-co-vo\/\" \/>\n<meta property=\"og:locale\" content=\"vi_VN\" \/>\n<meta property=\"og:type\" content=\"article\" \/>\n<meta property=\"og:title\" content=\"Qu\u1ebf c\u1eaft vu\u00f4ng c\u00f3 v\u1ecf - AVC Farm\" \/>\n<meta property=\"og:description\" content=\"- \u0110\u1ed9 \u1ea9m: 13,5% t\u1ed1i \u0111a - \u0110\u1ed9 pha tr\u1ed9n: 0,5% t\u1ed1i \u0111a - \u0110\u1ed9 d\u00e0y: 2,2mm t\u1ed1i thi\u1ec3u - K\u00edch th\u01b0\u1edbc: 2 x 2cm tr\u1edf l\u00ean - \u0110\u00f3ng g\u00f3i: Th\u00f9ng carton (t\u1ecbnh 10 kg) ho\u1eb7c t\u00f9y ch\u1ec9nh\" \/>\n<meta property=\"og:url\" content=\"https:\/\/avcfarm.vn\/vi\/san-pham\/que-cat-vuong-co-vo\/\" \/>\n<meta property=\"og:site_name\" content=\"AVC Farm\" \/>\n<meta property=\"article:modified_time\" content=\"2025-05-21T10:28:19+00:00\" \/>\n<meta property=\"og:image\" content=\"https:\/\/avcfarm.vn\/wp-content\/uploads\/2025\/04\/Square-Cut-Cassia-With-Skin-2.gif\" \/>\n\t<meta property=\"og:image:width\" content=\"640\" \/>\n\t<meta property=\"og:image:height\" content=\"640\" \/>\n\t<meta property=\"og:image:type\" content=\"image\/gif\" \/>\n<meta name=\"twitter:card\" content=\"summary_large_image\" \/>\n<script type=\"application\/ld+json\" class=\"yoast-schema-graph\">{\"@context\":\"https:\/\/schema.org\",\"@graph\":[{\"@type\":\"WebPage\",\"@id\":\"https:\/\/avcfarm.vn\/vi\/san-pham\/que-cat-vuong-co-vo\/\",\"url\":\"https:\/\/avcfarm.vn\/vi\/san-pham\/que-cat-vuong-co-vo\/\",\"name\":\"Qu\u1ebf c\u1eaft vu\u00f4ng c\u00f3 v\u1ecf - AVC Farm\",\"isPartOf\":{\"@id\":\"https:\/\/avcfarm.vn\/vi\/#website\"},\"primaryImageOfPage\":{\"@id\":\"https:\/\/avcfarm.vn\/vi\/san-pham\/que-cat-vuong-co-vo\/#primaryimage\"},\"image\":{\"@id\":\"https:\/\/avcfarm.vn\/vi\/san-pham\/que-cat-vuong-co-vo\/#primaryimage\"},\"thumbnailUrl\":\"https:\/\/avcfarm.vn\/wp-content\/uploads\/2025\/04\/Square-Cut-Cassia-With-Skin-2.gif\",\"datePublished\":\"2025-04-28T03:51:38+00:00\",\"dateModified\":\"2025-05-21T10:28:19+00:00\",\"breadcrumb\":{\"@id\":\"https:\/\/avcfarm.vn\/vi\/san-pham\/que-cat-vuong-co-vo\/#breadcrumb\"},\"inLanguage\":\"vi-VN\",\"potentialAction\":[{\"@type\":\"ReadAction\",\"target\":[\"https:\/\/avcfarm.vn\/vi\/san-pham\/que-cat-vuong-co-vo\/\"]}]},{\"@type\":\"ImageObject\",\"inLanguage\":\"vi-VN\",\"@id\":\"https:\/\/avcfarm.vn\/vi\/san-pham\/que-cat-vuong-co-vo\/#primaryimage\",\"url\":\"https:\/\/avcfarm.vn\/wp-content\/uploads\/2025\/04\/Square-Cut-Cassia-With-Skin-2.gif\",\"contentUrl\":\"https:\/\/avcfarm.vn\/wp-content\/uploads\/2025\/04\/Square-Cut-Cassia-With-Skin-2.gif\",\"width\":640,\"height\":640},{\"@type\":\"BreadcrumbList\",\"@id\":\"https:\/\/avcfarm.vn\/vi\/san-pham\/que-cat-vuong-co-vo\/#breadcrumb\",\"itemListElement\":[{\"@type\":\"ListItem\",\"position\":1,\"name\":\"Home\",\"item\":\"https:\/\/avcfarm.vn\/vi\/\"},{\"@type\":\"ListItem\",\"position\":2,\"name\":\"Shop\",\"item\":\"https:\/\/avcfarm.vn\/vi\/shop\/\"},{\"@type\":\"ListItem\",\"position\":3,\"name\":\"Qu\u1ebf c\u1eaft vu\u00f4ng c\u00f3 v\u1ecf\"}]},{\"@type\":\"WebSite\",\"@id\":\"https:\/\/avcfarm.vn\/vi\/#website\",\"url\":\"https:\/\/avcfarm.vn\/vi\/\",\"name\":\"AVC Farm\",\"description\":\"\",\"publisher\":{\"@id\":\"https:\/\/avcfarm.vn\/vi\/#organization\"},\"potentialAction\":[{\"@type\":\"SearchAction\",\"target\":{\"@type\":\"EntryPoint\",\"urlTemplate\":\"https:\/\/avcfarm.vn\/vi\/?s={search_term_string}\"},\"query-input\":{\"@type\":\"PropertyValueSpecification\",\"valueRequired\":true,\"valueName\":\"search_term_string\"}}],\"inLanguage\":\"vi-VN\"},{\"@type\":\"Organization\",\"@id\":\"https:\/\/avcfarm.vn\/vi\/#organization\",\"name\":\"AVC Farm\",\"url\":\"https:\/\/avcfarm.vn\/vi\/\",\"logo\":{\"@type\":\"ImageObject\",\"inLanguage\":\"vi-VN\",\"@id\":\"https:\/\/avcfarm.vn\/vi\/#\/schema\/logo\/image\/\",\"url\":\"https:\/\/avcfarm.vn\/wp-content\/uploads\/2025\/05\/logoheader_avcgroup.png\",\"contentUrl\":\"https:\/\/avcfarm.vn\/wp-content\/uploads\/2025\/05\/logoheader_avcgroup.png\",\"width\":491,\"height\":192,\"caption\":\"AVC Farm\"},\"image\":{\"@id\":\"https:\/\/avcfarm.vn\/vi\/#\/schema\/logo\/image\/\"}}]}<\/script>\n<!-- \/ Yoast SEO plugin. -->","yoast_head_json":{"title":"Qu\u1ebf c\u1eaft vu\u00f4ng c\u00f3 v\u1ecf - AVC Farm","robots":{"index":"index","follow":"follow","max-snippet":"max-snippet:-1","max-image-preview":"max-image-preview:large","max-video-preview":"max-video-preview:-1"},"canonical":"https:\/\/avcfarm.vn\/vi\/san-pham\/que-cat-vuong-co-vo\/","og_locale":"vi_VN","og_type":"article","og_title":"Qu\u1ebf c\u1eaft vu\u00f4ng c\u00f3 v\u1ecf - AVC Farm","og_description":"- \u0110\u1ed9 \u1ea9m: 13,5% t\u1ed1i \u0111a - \u0110\u1ed9 pha tr\u1ed9n: 0,5% t\u1ed1i \u0111a - \u0110\u1ed9 d\u00e0y: 2,2mm t\u1ed1i thi\u1ec3u - K\u00edch th\u01b0\u1edbc: 2 x 2cm tr\u1edf l\u00ean - \u0110\u00f3ng g\u00f3i: Th\u00f9ng carton (t\u1ecbnh 10 kg) ho\u1eb7c t\u00f9y ch\u1ec9nh","og_url":"https:\/\/avcfarm.vn\/vi\/san-pham\/que-cat-vuong-co-vo\/","og_site_name":"AVC Farm","article_modified_time":"2025-05-21T10:28:19+00:00","og_image":[{"width":640,"height":640,"url":"https:\/\/avcfarm.vn\/wp-content\/uploads\/2025\/04\/Square-Cut-Cassia-With-Skin-2.gif","type":"image\/gif"}],"twitter_card":"summary_large_image","schema":{"@context":"https:\/\/schema.org","@graph":[{"@type":"WebPage","@id":"https:\/\/avcfarm.vn\/vi\/san-pham\/que-cat-vuong-co-vo\/","url":"https:\/\/avcfarm.vn\/vi\/san-pham\/que-cat-vuong-co-vo\/","name":"Qu\u1ebf c\u1eaft vu\u00f4ng c\u00f3 v\u1ecf - AVC Farm","isPartOf":{"@id":"https:\/\/avcfarm.vn\/vi\/#website"},"primaryImageOfPage":{"@id":"https:\/\/avcfarm.vn\/vi\/san-pham\/que-cat-vuong-co-vo\/#primaryimage"},"image":{"@id":"https:\/\/avcfarm.vn\/vi\/san-pham\/que-cat-vuong-co-vo\/#primaryimage"},"thumbnailUrl":"https:\/\/avcfarm.vn\/wp-content\/uploads\/2025\/04\/Square-Cut-Cassia-With-Skin-2.gif","datePublished":"2025-04-28T03:51:38+00:00","dateModified":"2025-05-21T10:28:19+00:00","breadcrumb":{"@id":"https:\/\/avcfarm.vn\/vi\/san-pham\/que-cat-vuong-co-vo\/#breadcrumb"},"inLanguage":"vi-VN","potentialAction":[{"@type":"ReadAction","target":["https:\/\/avcfarm.vn\/vi\/san-pham\/que-cat-vuong-co-vo\/"]}]},{"@type":"ImageObject","inLanguage":"vi-VN","@id":"https:\/\/avcfarm.vn\/vi\/san-pham\/que-cat-vuong-co-vo\/#primaryimage","url":"https:\/\/avcfarm.vn\/wp-content\/uploads\/2025\/04\/Square-Cut-Cassia-With-Skin-2.gif","contentUrl":"https:\/\/avcfarm.vn\/wp-content\/uploads\/2025\/04\/Square-Cut-Cassia-With-Skin-2.gif","width":640,"height":640},{"@type":"BreadcrumbList","@id":"https:\/\/avcfarm.vn\/vi\/san-pham\/que-cat-vuong-co-vo\/#breadcrumb","itemListElement":[{"@type":"ListItem","position":1,"name":"Home","item":"https:\/\/avcfarm.vn\/vi\/"},{"@type":"ListItem","position":2,"name":"Shop","item":"https:\/\/avcfarm.vn\/vi\/shop\/"},{"@type":"ListItem","position":3,"name":"Qu\u1ebf c\u1eaft vu\u00f4ng c\u00f3 v\u1ecf"}]},{"@type":"WebSite","@id":"https:\/\/avcfarm.vn\/vi\/#website","url":"https:\/\/avcfarm.vn\/vi\/","name":"AVC Farm","description":"","publisher":{"@id":"https:\/\/avcfarm.vn\/vi\/#organization"},"potentialAction":[{"@type":"SearchAction","target":{"@type":"EntryPoint","urlTemplate":"https:\/\/avcfarm.vn\/vi\/?s={search_term_string}"},"query-input":{"@type":"PropertyValueSpecification","valueRequired":true,"valueName":"search_term_string"}}],"inLanguage":"vi-VN"},{"@type":"Organization","@id":"https:\/\/avcfarm.vn\/vi\/#organization","name":"AVC Farm","url":"https:\/\/avcfarm.vn\/vi\/","logo":{"@type":"ImageObject","inLanguage":"vi-VN","@id":"https:\/\/avcfarm.vn\/vi\/#\/schema\/logo\/image\/","url":"https:\/\/avcfarm.vn\/wp-content\/uploads\/2025\/05\/logoheader_avcgroup.png","contentUrl":"https:\/\/avcfarm.vn\/wp-content\/uploads\/2025\/05\/logoheader_avcgroup.png","width":491,"height":192,"caption":"AVC Farm"},"image":{"@id":"https:\/\/avcfarm.vn\/vi\/#\/schema\/logo\/image\/"}}]}},"_links":{"self":[{"href":"https:\/\/avcfarm.vn\/vi\/wp-json\/wp\/v2\/product\/3238","targetHints":{"allow":["GET"]}}],"collection":[{"href":"https:\/\/avcfarm.vn\/vi\/wp-json\/wp\/v2\/product"}],"about":[{"href":"https:\/\/avcfarm.vn\/vi\/wp-json\/wp\/v2\/types\/product"}],"replies":[{"embeddable":true,"href":"https:\/\/avcfarm.vn\/vi\/wp-json\/wp\/v2\/comments?post=3238"}],"wp:featuredmedia":[{"embeddable":true,"href":"https:\/\/avcfarm.vn\/vi\/wp-json\/wp\/v2\/media\/2549"}],"wp:attachment":[{"href":"https:\/\/avcfarm.vn\/vi\/wp-json\/wp\/v2\/media?parent=3238"}],"wp:term":[{"taxonomy":"product_brand","embeddable":true,"href":"https:\/\/avcfarm.vn\/vi\/wp-json\/wp\/v2\/product_brand?post=3238"},{"taxonomy":"product_cat","embeddable":true,"href":"https:\/\/avcfarm.vn\/vi\/wp-json\/wp\/v2\/product_cat?post=3238"},{"taxonomy":"product_tag","embeddable":true,"href":"https:\/\/avcfarm.vn\/vi\/wp-json\/wp\/v2\/product_tag?post=3238"}],"curies":[{"name":"wp","href":"https:\/\/api.w.org\/{rel}","templated":true}]}}