{"id":3239,"date":"2025-04-28T10:42:55","date_gmt":"2025-04-28T03:42:55","guid":{"rendered":"https:\/\/avcfarm.vn\/san-pham\/que-dieu\/"},"modified":"2025-05-21T17:28:12","modified_gmt":"2025-05-21T10:28:12","slug":"que-dieu","status":"publish","type":"product","link":"https:\/\/avcfarm.vn\/vi\/san-pham\/que-dieu\/","title":{"rendered":"QU\u1ebe \u0110I\u1ebeU"},"content":{"rendered":"<p class=\"\" data-start=\"963\" data-end=\"983\"><strong data-start=\"963\" data-end=\"983\">Chi ti\u1ebft s\u1ea3n ph\u1ea9m:<\/strong><\/p>\n<ul data-start=\"984\" data-end=\"1191\">\n<li class=\"\" data-start=\"984\" data-end=\"1020\">\n<p class=\"\" data-start=\"986\" data-end=\"1020\"><strong data-start=\"986\" data-end=\"1003\">T\u00ean s\u1ea3n ph\u1ea9m: <\/strong>Qu\u1ebf \u0110i\u1ebfu<\/p>\n<\/li>\n<li class=\"\" data-start=\"1021\" data-end=\"1058\">\n<p class=\"\" data-start=\"1023\" data-end=\"1058\"><strong data-start=\"1023\" data-end=\"1044\">\u0110\u1ed9 \u1ea9m: <\/strong>T\u1ed1i \u0111a 13,5%<\/p>\n<\/li>\n<li class=\"\" data-start=\"1059\" data-end=\"1088\">\n<p class=\"\" data-start=\"1061\" data-end=\"1088\"><strong data-start=\"1061\" data-end=\"1075\">T\u1ea1p ch\u1ea5t:<\/strong> T\u1ed1i \u0111a 0,5%<\/p>\n<\/li>\n<li class=\"\" data-start=\"1089\" data-end=\"1121\">\n<p class=\"\" data-start=\"1091\" data-end=\"1121\"><strong data-start=\"1091\" data-end=\"1102\">Chi\u1ec1u d\u00e0i: <\/strong>T\u1eeb 8 cm \u0111\u1ebfn 20 cm<\/p>\n<\/li>\n<li class=\"\" data-start=\"1122\" data-end=\"1169\">\n<p class=\"\" data-start=\"1124\" data-end=\"1169\"><strong data-start=\"1124\" data-end=\"1136\">\u0110\u00f3ng g\u00f3i:<\/strong> Th\u00f9ng carton (10 kg t\u1ecbnh) ho\u1eb7c t\u00fai PE<\/p>\n<\/li>\n<li class=\"\" data-start=\"1170\" data-end=\"1191\">\n<p class=\"\" data-start=\"1172\" data-end=\"1191\"><strong data-start=\"1172\" data-end=\"1183\">Xu\u1ea5t x\u1ee9:<\/strong> Vi\u1ec7t Nam<\/p>\n<\/li>\n<\/ul>\n","protected":false},"excerpt":{"rendered":"<p>&#8211; \u0110\u1ed9 \u1ea9m: t\u1ed1i \u0111a 13,5%<br \/>&#8211; \u0110\u1ed9 pha tr\u1ed9n: t\u1ed1i \u0111a 0,5%<br \/>&#8211; Chi\u1ec1u d\u00e0i: T\u1eeb 8cm \u0111\u1ebfn 20 cm<br \/>&#8211; \u0110\u00f3ng g\u00f3i: H\u1ed9p Carton (10kg) ho\u1eb7c PE<\/p>\n","protected":false},"featured_media":2545,"comment_status":"open","ping_status":"closed","template":"","meta":{"site-sidebar-layout":"default","site-content-layout":"","ast-site-content-layout":"default","site-content-style":"default","site-sidebar-style":"default","ast-global-header-display":"","ast-banner-title-visibility":"","ast-main-header-display":"","ast-hfb-above-header-display":"","ast-hfb-below-header-display":"","ast-hfb-mobile-header-display":"","site-post-title":"","ast-breadcrumbs-content":"","ast-featured-img":"","footer-sml-layout":"","theme-transparent-header-meta":"default","adv-header-id-meta":"","stick-header-meta":"default","header-above-stick-meta":"","header-main-stick-meta":"","header-below-stick-meta":"","astra-migrate-meta-layouts":"default","ast-page-background-enabled":"default","ast-page-background-meta":{"desktop":{"background-color":"var(--ast-global-color-4)","background-image":"","background-repeat":"repeat","background-position":"center center","background-size":"auto","background-attachment":"scroll","background-type":"","background-media":"","overlay-type":"","overlay-color":"","overlay-opacity":"","overlay-gradient":""},"tablet":{"background-color":"","background-image":"","background-repeat":"repeat","background-position":"center center","background-size":"auto","background-attachment":"scroll","background-type":"","background-media":"","overlay-type":"","overlay-color":"","overlay-opacity":"","overlay-gradient":""},"mobile":{"background-color":"","background-image":"","background-repeat":"repeat","background-position":"center center","background-size":"auto","background-attachment":"scroll","background-type":"","background-media":"","overlay-type":"","overlay-color":"","overlay-opacity":"","overlay-gradient":""}},"ast-content-background-meta":{"desktop":{"background-color":"var(--ast-global-color-5)","background-image":"","background-repeat":"repeat","background-position":"center center","background-size":"auto","background-attachment":"scroll","background-type":"","background-media":"","overlay-type":"","overlay-color":"","overlay-opacity":"","overlay-gradient":""},"tablet":{"background-color":"var(--ast-global-color-5)","background-image":"","background-repeat":"repeat","background-position":"center center","background-size":"auto","background-attachment":"scroll","background-type":"","background-media":"","overlay-type":"","overlay-color":"","overlay-opacity":"","overlay-gradient":""},"mobile":{"background-color":"var(--ast-global-color-5)","background-image":"","background-repeat":"repeat","background-position":"center center","background-size":"auto","background-attachment":"scroll","background-type":"","background-media":"","overlay-type":"","overlay-color":"","overlay-opacity":"","overlay-gradient":""}}},"product_brand":[],"product_cat":[68],"product_tag":[],"class_list":{"0":"post-3239","1":"product","2":"type-product","3":"status-publish","4":"has-post-thumbnail","6":"product_cat-que","7":"desktop-align-center","8":"tablet-align-left","9":"mobile-align-left","10":"ast-product-gallery-layout-horizontal-slider","11":"ast-product-tabs-layout-horizontal","13":"first","14":"instock","15":"shipping-taxable","16":"product-type-simple"},"yoast_head":"<!-- This site is optimized with the Yoast SEO plugin v25.7 - https:\/\/yoast.com\/wordpress\/plugins\/seo\/ -->\n<title>QU\u1ebe \u0110I\u1ebeU - AVC Farm<\/title>\n<meta name=\"robots\" content=\"index, follow, max-snippet:-1, max-image-preview:large, max-video-preview:-1\" \/>\n<link rel=\"canonical\" href=\"https:\/\/avcfarm.vn\/vi\/san-pham\/que-dieu\/\" \/>\n<meta property=\"og:locale\" content=\"vi_VN\" \/>\n<meta property=\"og:type\" content=\"article\" \/>\n<meta property=\"og:title\" content=\"QU\u1ebe \u0110I\u1ebeU - AVC Farm\" \/>\n<meta property=\"og:description\" content=\"- \u0110\u1ed9 \u1ea9m: t\u1ed1i \u0111a 13,5%- \u0110\u1ed9 pha tr\u1ed9n: t\u1ed1i \u0111a 0,5%- Chi\u1ec1u d\u00e0i: T\u1eeb 8cm \u0111\u1ebfn 20 cm- \u0110\u00f3ng g\u00f3i: H\u1ed9p Carton (10kg) ho\u1eb7c PE\" \/>\n<meta property=\"og:url\" content=\"https:\/\/avcfarm.vn\/vi\/san-pham\/que-dieu\/\" \/>\n<meta property=\"og:site_name\" content=\"AVC Farm\" \/>\n<meta property=\"article:modified_time\" content=\"2025-05-21T10:28:12+00:00\" \/>\n<meta property=\"og:image\" content=\"https:\/\/avcfarm.vn\/wp-content\/uploads\/2025\/04\/Cigarette-Cassia-4-e1745811840722.jpg\" \/>\n\t<meta property=\"og:image:width\" content=\"600\" \/>\n\t<meta property=\"og:image:height\" content=\"338\" \/>\n\t<meta property=\"og:image:type\" content=\"image\/jpeg\" \/>\n<meta name=\"twitter:card\" content=\"summary_large_image\" \/>\n<script type=\"application\/ld+json\" class=\"yoast-schema-graph\">{\"@context\":\"https:\/\/schema.org\",\"@graph\":[{\"@type\":\"WebPage\",\"@id\":\"https:\/\/avcfarm.vn\/vi\/san-pham\/que-dieu\/\",\"url\":\"https:\/\/avcfarm.vn\/vi\/san-pham\/que-dieu\/\",\"name\":\"QU\u1ebe \u0110I\u1ebeU - AVC Farm\",\"isPartOf\":{\"@id\":\"https:\/\/avcfarm.vn\/vi\/#website\"},\"primaryImageOfPage\":{\"@id\":\"https:\/\/avcfarm.vn\/vi\/san-pham\/que-dieu\/#primaryimage\"},\"image\":{\"@id\":\"https:\/\/avcfarm.vn\/vi\/san-pham\/que-dieu\/#primaryimage\"},\"thumbnailUrl\":\"https:\/\/avcfarm.vn\/wp-content\/uploads\/2025\/04\/Cigarette-Cassia-4-e1745811840722.jpg\",\"datePublished\":\"2025-04-28T03:42:55+00:00\",\"dateModified\":\"2025-05-21T10:28:12+00:00\",\"breadcrumb\":{\"@id\":\"https:\/\/avcfarm.vn\/vi\/san-pham\/que-dieu\/#breadcrumb\"},\"inLanguage\":\"vi-VN\",\"potentialAction\":[{\"@type\":\"ReadAction\",\"target\":[\"https:\/\/avcfarm.vn\/vi\/san-pham\/que-dieu\/\"]}]},{\"@type\":\"ImageObject\",\"inLanguage\":\"vi-VN\",\"@id\":\"https:\/\/avcfarm.vn\/vi\/san-pham\/que-dieu\/#primaryimage\",\"url\":\"https:\/\/avcfarm.vn\/wp-content\/uploads\/2025\/04\/Cigarette-Cassia-4-e1745811840722.jpg\",\"contentUrl\":\"https:\/\/avcfarm.vn\/wp-content\/uploads\/2025\/04\/Cigarette-Cassia-4-e1745811840722.jpg\",\"width\":600,\"height\":338},{\"@type\":\"BreadcrumbList\",\"@id\":\"https:\/\/avcfarm.vn\/vi\/san-pham\/que-dieu\/#breadcrumb\",\"itemListElement\":[{\"@type\":\"ListItem\",\"position\":1,\"name\":\"Home\",\"item\":\"https:\/\/avcfarm.vn\/vi\/\"},{\"@type\":\"ListItem\",\"position\":2,\"name\":\"Shop\",\"item\":\"https:\/\/avcfarm.vn\/vi\/shop\/\"},{\"@type\":\"ListItem\",\"position\":3,\"name\":\"QU\u1ebe \u0110I\u1ebeU\"}]},{\"@type\":\"WebSite\",\"@id\":\"https:\/\/avcfarm.vn\/vi\/#website\",\"url\":\"https:\/\/avcfarm.vn\/vi\/\",\"name\":\"AVC Farm\",\"description\":\"\",\"publisher\":{\"@id\":\"https:\/\/avcfarm.vn\/vi\/#organization\"},\"potentialAction\":[{\"@type\":\"SearchAction\",\"target\":{\"@type\":\"EntryPoint\",\"urlTemplate\":\"https:\/\/avcfarm.vn\/vi\/?s={search_term_string}\"},\"query-input\":{\"@type\":\"PropertyValueSpecification\",\"valueRequired\":true,\"valueName\":\"search_term_string\"}}],\"inLanguage\":\"vi-VN\"},{\"@type\":\"Organization\",\"@id\":\"https:\/\/avcfarm.vn\/vi\/#organization\",\"name\":\"AVC Farm\",\"url\":\"https:\/\/avcfarm.vn\/vi\/\",\"logo\":{\"@type\":\"ImageObject\",\"inLanguage\":\"vi-VN\",\"@id\":\"https:\/\/avcfarm.vn\/vi\/#\/schema\/logo\/image\/\",\"url\":\"https:\/\/avcfarm.vn\/wp-content\/uploads\/2025\/05\/logoheader_avcgroup.png\",\"contentUrl\":\"https:\/\/avcfarm.vn\/wp-content\/uploads\/2025\/05\/logoheader_avcgroup.png\",\"width\":491,\"height\":192,\"caption\":\"AVC Farm\"},\"image\":{\"@id\":\"https:\/\/avcfarm.vn\/vi\/#\/schema\/logo\/image\/\"}}]}<\/script>\n<!-- \/ Yoast SEO plugin. -->","yoast_head_json":{"title":"QU\u1ebe \u0110I\u1ebeU - AVC Farm","robots":{"index":"index","follow":"follow","max-snippet":"max-snippet:-1","max-image-preview":"max-image-preview:large","max-video-preview":"max-video-preview:-1"},"canonical":"https:\/\/avcfarm.vn\/vi\/san-pham\/que-dieu\/","og_locale":"vi_VN","og_type":"article","og_title":"QU\u1ebe \u0110I\u1ebeU - AVC Farm","og_description":"- \u0110\u1ed9 \u1ea9m: t\u1ed1i \u0111a 13,5%- \u0110\u1ed9 pha tr\u1ed9n: t\u1ed1i \u0111a 0,5%- Chi\u1ec1u d\u00e0i: T\u1eeb 8cm \u0111\u1ebfn 20 cm- \u0110\u00f3ng g\u00f3i: H\u1ed9p Carton (10kg) ho\u1eb7c PE","og_url":"https:\/\/avcfarm.vn\/vi\/san-pham\/que-dieu\/","og_site_name":"AVC Farm","article_modified_time":"2025-05-21T10:28:12+00:00","og_image":[{"width":600,"height":338,"url":"https:\/\/avcfarm.vn\/wp-content\/uploads\/2025\/04\/Cigarette-Cassia-4-e1745811840722.jpg","type":"image\/jpeg"}],"twitter_card":"summary_large_image","schema":{"@context":"https:\/\/schema.org","@graph":[{"@type":"WebPage","@id":"https:\/\/avcfarm.vn\/vi\/san-pham\/que-dieu\/","url":"https:\/\/avcfarm.vn\/vi\/san-pham\/que-dieu\/","name":"QU\u1ebe \u0110I\u1ebeU - AVC Farm","isPartOf":{"@id":"https:\/\/avcfarm.vn\/vi\/#website"},"primaryImageOfPage":{"@id":"https:\/\/avcfarm.vn\/vi\/san-pham\/que-dieu\/#primaryimage"},"image":{"@id":"https:\/\/avcfarm.vn\/vi\/san-pham\/que-dieu\/#primaryimage"},"thumbnailUrl":"https:\/\/avcfarm.vn\/wp-content\/uploads\/2025\/04\/Cigarette-Cassia-4-e1745811840722.jpg","datePublished":"2025-04-28T03:42:55+00:00","dateModified":"2025-05-21T10:28:12+00:00","breadcrumb":{"@id":"https:\/\/avcfarm.vn\/vi\/san-pham\/que-dieu\/#breadcrumb"},"inLanguage":"vi-VN","potentialAction":[{"@type":"ReadAction","target":["https:\/\/avcfarm.vn\/vi\/san-pham\/que-dieu\/"]}]},{"@type":"ImageObject","inLanguage":"vi-VN","@id":"https:\/\/avcfarm.vn\/vi\/san-pham\/que-dieu\/#primaryimage","url":"https:\/\/avcfarm.vn\/wp-content\/uploads\/2025\/04\/Cigarette-Cassia-4-e1745811840722.jpg","contentUrl":"https:\/\/avcfarm.vn\/wp-content\/uploads\/2025\/04\/Cigarette-Cassia-4-e1745811840722.jpg","width":600,"height":338},{"@type":"BreadcrumbList","@id":"https:\/\/avcfarm.vn\/vi\/san-pham\/que-dieu\/#breadcrumb","itemListElement":[{"@type":"ListItem","position":1,"name":"Home","item":"https:\/\/avcfarm.vn\/vi\/"},{"@type":"ListItem","position":2,"name":"Shop","item":"https:\/\/avcfarm.vn\/vi\/shop\/"},{"@type":"ListItem","position":3,"name":"QU\u1ebe \u0110I\u1ebeU"}]},{"@type":"WebSite","@id":"https:\/\/avcfarm.vn\/vi\/#website","url":"https:\/\/avcfarm.vn\/vi\/","name":"AVC Farm","description":"","publisher":{"@id":"https:\/\/avcfarm.vn\/vi\/#organization"},"potentialAction":[{"@type":"SearchAction","target":{"@type":"EntryPoint","urlTemplate":"https:\/\/avcfarm.vn\/vi\/?s={search_term_string}"},"query-input":{"@type":"PropertyValueSpecification","valueRequired":true,"valueName":"search_term_string"}}],"inLanguage":"vi-VN"},{"@type":"Organization","@id":"https:\/\/avcfarm.vn\/vi\/#organization","name":"AVC Farm","url":"https:\/\/avcfarm.vn\/vi\/","logo":{"@type":"ImageObject","inLanguage":"vi-VN","@id":"https:\/\/avcfarm.vn\/vi\/#\/schema\/logo\/image\/","url":"https:\/\/avcfarm.vn\/wp-content\/uploads\/2025\/05\/logoheader_avcgroup.png","contentUrl":"https:\/\/avcfarm.vn\/wp-content\/uploads\/2025\/05\/logoheader_avcgroup.png","width":491,"height":192,"caption":"AVC Farm"},"image":{"@id":"https:\/\/avcfarm.vn\/vi\/#\/schema\/logo\/image\/"}}]}},"_links":{"self":[{"href":"https:\/\/avcfarm.vn\/vi\/wp-json\/wp\/v2\/product\/3239","targetHints":{"allow":["GET"]}}],"collection":[{"href":"https:\/\/avcfarm.vn\/vi\/wp-json\/wp\/v2\/product"}],"about":[{"href":"https:\/\/avcfarm.vn\/vi\/wp-json\/wp\/v2\/types\/product"}],"replies":[{"embeddable":true,"href":"https:\/\/avcfarm.vn\/vi\/wp-json\/wp\/v2\/comments?post=3239"}],"wp:featuredmedia":[{"embeddable":true,"href":"https:\/\/avcfarm.vn\/vi\/wp-json\/wp\/v2\/media\/2545"}],"wp:attachment":[{"href":"https:\/\/avcfarm.vn\/vi\/wp-json\/wp\/v2\/media?parent=3239"}],"wp:term":[{"taxonomy":"product_brand","embeddable":true,"href":"https:\/\/avcfarm.vn\/vi\/wp-json\/wp\/v2\/product_brand?post=3239"},{"taxonomy":"product_cat","embeddable":true,"href":"https:\/\/avcfarm.vn\/vi\/wp-json\/wp\/v2\/product_cat?post=3239"},{"taxonomy":"product_tag","embeddable":true,"href":"https:\/\/avcfarm.vn\/vi\/wp-json\/wp\/v2\/product_tag?post=3239"}],"curies":[{"name":"wp","href":"https:\/\/api.w.org\/{rel}","templated":true}]}}