{"id":3243,"date":"2025-04-28T10:16:50","date_gmt":"2025-04-28T03:16:50","guid":{"rendered":"https:\/\/avcfarm.vn\/san-pham\/hoa-hoi-mua-xuan\/"},"modified":"2025-05-21T17:27:52","modified_gmt":"2025-05-21T10:27:52","slug":"hoa-hoi-mua-xuan","status":"publish","type":"product","link":"https:\/\/avcfarm.vn\/vi\/san-pham\/hoa-hoi-mua-xuan\/","title":{"rendered":"Hoa H\u1ed3i M\u00f9a Xu\u00e2n"},"content":{"rendered":"<p class=\"\" data-start=\"1047\" data-end=\"1067\"><strong data-start=\"1047\" data-end=\"1067\">Chi ti\u1ebft s\u1ea3n ph\u1ea9m:<\/strong><\/p>\n<ul data-start=\"1068\" data-end=\"1299\">\n<li class=\"\" data-start=\"1068\" data-end=\"1105\">\n<p class=\"\" data-start=\"1070\" data-end=\"1105\"><strong data-start=\"1070\" data-end=\"1087\">T\u00ean s\u1ea3n ph\u1ea9m: <\/strong>Hoa H\u1ed3i M\u00f9a Xu\u00e2n<\/p>\n<\/li>\n<li class=\"\" data-start=\"1106\" data-end=\"1143\">\n<p class=\"\" data-start=\"1108\" data-end=\"1143\"><strong data-start=\"1108\" data-end=\"1129\">\u0110\u1ed9 \u1ea9m: <\/strong>T\u1ed1i \u0111a 13,5%<\/p>\n<\/li>\n<li class=\"\" data-start=\"1144\" data-end=\"1171\">\n<p class=\"\" data-start=\"1146\" data-end=\"1171\"><strong data-start=\"1146\" data-end=\"1160\">Ph\u1ee5 gia:<\/strong> T\u1ed1i \u0111a 1%<\/p>\n<\/li>\n<li class=\"\" data-start=\"1172\" data-end=\"1241\">\n<p class=\"\" data-start=\"1174\" data-end=\"1241\"><strong data-start=\"1174\" data-end=\"1195\">Quy tr\u00ecnh v\u1ec7 sinh: <\/strong>\u0110\u01b0\u1ee3c v\u1ec7 sinh b\u1eb1ng m\u00e1y v\u00e0 con ng\u01b0\u1eddi \u0111\u1ec3 c\u00f3 ch\u1ea5t l\u01b0\u1ee3ng cao c\u1ea5p<\/p>\n<\/li>\n<li class=\"\" data-start=\"1242\" data-end=\"1277\">\n<p class=\"\" data-start=\"1244\" data-end=\"1277\"><strong data-start=\"1244\" data-end=\"1256\">\u0110\u00f3ng g\u00f3i: <\/strong>Th\u00f9ng carton (T\u1ecbnh 5\/10 kg)<\/p>\n<\/li>\n<li class=\"\" data-start=\"1278\" data-end=\"1299\">\n<p class=\"\" data-start=\"1280\" data-end=\"1299\"><strong data-start=\"1280\" data-end=\"1291\">Xu\u1ea5t x\u1ee9:<\/strong> Vi\u1ec7t Nam<\/p>\n<\/li>\n<\/ul>\n","protected":false},"excerpt":{"rendered":"<p>Ph\u1ee5 gia: T\u1ed1i \u0111a 1%<br \/>\n\u0110\u1ed9 \u1ea9m: T\u1ed1i \u0111a 13,5%<br \/>\n\u0110\u00f3ng g\u00f3i: Th\u00f9ng carton (T\u1ecbnh 5\/10 kg)<\/p>\n","protected":false},"featured_media":2532,"comment_status":"open","ping_status":"closed","template":"","meta":{"site-sidebar-layout":"default","site-content-layout":"","ast-site-content-layout":"default","site-content-style":"default","site-sidebar-style":"default","ast-global-header-display":"","ast-banner-title-visibility":"","ast-main-header-display":"","ast-hfb-above-header-display":"","ast-hfb-below-header-display":"","ast-hfb-mobile-header-display":"","site-post-title":"","ast-breadcrumbs-content":"","ast-featured-img":"","footer-sml-layout":"","theme-transparent-header-meta":"default","adv-header-id-meta":"","stick-header-meta":"default","header-above-stick-meta":"","header-main-stick-meta":"","header-below-stick-meta":"","astra-migrate-meta-layouts":"default","ast-page-background-enabled":"default","ast-page-background-meta":{"desktop":{"background-color":"var(--ast-global-color-4)","background-image":"","background-repeat":"repeat","background-position":"center center","background-size":"auto","background-attachment":"scroll","background-type":"","background-media":"","overlay-type":"","overlay-color":"","overlay-opacity":"","overlay-gradient":""},"tablet":{"background-color":"","background-image":"","background-repeat":"repeat","background-position":"center center","background-size":"auto","background-attachment":"scroll","background-type":"","background-media":"","overlay-type":"","overlay-color":"","overlay-opacity":"","overlay-gradient":""},"mobile":{"background-color":"","background-image":"","background-repeat":"repeat","background-position":"center center","background-size":"auto","background-attachment":"scroll","background-type":"","background-media":"","overlay-type":"","overlay-color":"","overlay-opacity":"","overlay-gradient":""}},"ast-content-background-meta":{"desktop":{"background-color":"var(--ast-global-color-5)","background-image":"","background-repeat":"repeat","background-position":"center center","background-size":"auto","background-attachment":"scroll","background-type":"","background-media":"","overlay-type":"","overlay-color":"","overlay-opacity":"","overlay-gradient":""},"tablet":{"background-color":"var(--ast-global-color-5)","background-image":"","background-repeat":"repeat","background-position":"center center","background-size":"auto","background-attachment":"scroll","background-type":"","background-media":"","overlay-type":"","overlay-color":"","overlay-opacity":"","overlay-gradient":""},"mobile":{"background-color":"var(--ast-global-color-5)","background-image":"","background-repeat":"repeat","background-position":"center center","background-size":"auto","background-attachment":"scroll","background-type":"","background-media":"","overlay-type":"","overlay-color":"","overlay-opacity":"","overlay-gradient":""}}},"product_brand":[],"product_cat":[76],"product_tag":[],"class_list":{"0":"post-3243","1":"product","2":"type-product","3":"status-publish","4":"has-post-thumbnail","6":"product_cat-hoi","7":"desktop-align-center","8":"tablet-align-left","9":"mobile-align-left","10":"ast-product-gallery-layout-horizontal-slider","11":"ast-product-tabs-layout-horizontal","13":"first","14":"instock","15":"shipping-taxable","16":"product-type-simple"},"yoast_head":"<!-- This site is optimized with the Yoast SEO plugin v25.7 - https:\/\/yoast.com\/wordpress\/plugins\/seo\/ -->\n<title>Hoa H\u1ed3i M\u00f9a Xu\u00e2n - AVC Farm<\/title>\n<meta name=\"robots\" content=\"index, follow, max-snippet:-1, max-image-preview:large, max-video-preview:-1\" \/>\n<link rel=\"canonical\" href=\"https:\/\/avcfarm.vn\/san-pham\/spring-star-anise\/\" \/>\n<meta property=\"og:locale\" content=\"vi_VN\" \/>\n<meta property=\"og:type\" content=\"article\" \/>\n<meta property=\"og:title\" content=\"Hoa H\u1ed3i M\u00f9a Xu\u00e2n - AVC Farm\" \/>\n<meta property=\"og:description\" content=\"Ph\u1ee5 gia: T\u1ed1i \u0111a 1% \u0110\u1ed9 \u1ea9m: T\u1ed1i \u0111a 13,5% \u0110\u00f3ng g\u00f3i: Th\u00f9ng carton (T\u1ecbnh 5\/10 kg)\" \/>\n<meta property=\"og:url\" content=\"https:\/\/avcfarm.vn\/san-pham\/spring-star-anise\/\" \/>\n<meta property=\"og:site_name\" content=\"AVC Farm\" \/>\n<meta property=\"article:modified_time\" content=\"2025-05-21T10:27:52+00:00\" \/>\n<meta property=\"og:image\" content=\"https:\/\/avcfarm.vn\/wp-content\/uploads\/2025\/04\/Spring-anise.jpg\" \/>\n\t<meta property=\"og:image:width\" content=\"1200\" \/>\n\t<meta property=\"og:image:height\" content=\"1600\" \/>\n\t<meta property=\"og:image:type\" content=\"image\/jpeg\" \/>\n<meta name=\"twitter:card\" content=\"summary_large_image\" \/>\n<script type=\"application\/ld+json\" class=\"yoast-schema-graph\">{\"@context\":\"https:\/\/schema.org\",\"@graph\":[{\"@type\":\"WebPage\",\"@id\":\"https:\/\/avcfarm.vn\/san-pham\/spring-star-anise\/\",\"url\":\"https:\/\/avcfarm.vn\/san-pham\/spring-star-anise\/\",\"name\":\"Hoa H\u1ed3i M\u00f9a Xu\u00e2n - AVC Farm\",\"isPartOf\":{\"@id\":\"https:\/\/avcfarm.vn\/vi\/#website\"},\"primaryImageOfPage\":{\"@id\":\"https:\/\/avcfarm.vn\/san-pham\/spring-star-anise\/#primaryimage\"},\"image\":{\"@id\":\"https:\/\/avcfarm.vn\/san-pham\/spring-star-anise\/#primaryimage\"},\"thumbnailUrl\":\"https:\/\/avcfarm.vn\/wp-content\/uploads\/2025\/04\/Spring-anise.jpg\",\"datePublished\":\"2025-04-28T03:16:50+00:00\",\"dateModified\":\"2025-05-21T10:27:52+00:00\",\"breadcrumb\":{\"@id\":\"https:\/\/avcfarm.vn\/san-pham\/spring-star-anise\/#breadcrumb\"},\"inLanguage\":\"vi-VN\",\"potentialAction\":[{\"@type\":\"ReadAction\",\"target\":[\"https:\/\/avcfarm.vn\/san-pham\/spring-star-anise\/\"]}]},{\"@type\":\"ImageObject\",\"inLanguage\":\"vi-VN\",\"@id\":\"https:\/\/avcfarm.vn\/san-pham\/spring-star-anise\/#primaryimage\",\"url\":\"https:\/\/avcfarm.vn\/wp-content\/uploads\/2025\/04\/Spring-anise.jpg\",\"contentUrl\":\"https:\/\/avcfarm.vn\/wp-content\/uploads\/2025\/04\/Spring-anise.jpg\",\"width\":1200,\"height\":1600},{\"@type\":\"BreadcrumbList\",\"@id\":\"https:\/\/avcfarm.vn\/san-pham\/spring-star-anise\/#breadcrumb\",\"itemListElement\":[{\"@type\":\"ListItem\",\"position\":1,\"name\":\"Home\",\"item\":\"https:\/\/avcfarm.vn\/vi\/\"},{\"@type\":\"ListItem\",\"position\":2,\"name\":\"Shop\",\"item\":\"https:\/\/avcfarm.vn\/vi\/shop\/\"},{\"@type\":\"ListItem\",\"position\":3,\"name\":\"Hoa H\u1ed3i M\u00f9a Xu\u00e2n\"}]},{\"@type\":\"WebSite\",\"@id\":\"https:\/\/avcfarm.vn\/vi\/#website\",\"url\":\"https:\/\/avcfarm.vn\/vi\/\",\"name\":\"AVC Farm\",\"description\":\"\",\"publisher\":{\"@id\":\"https:\/\/avcfarm.vn\/vi\/#organization\"},\"potentialAction\":[{\"@type\":\"SearchAction\",\"target\":{\"@type\":\"EntryPoint\",\"urlTemplate\":\"https:\/\/avcfarm.vn\/vi\/?s={search_term_string}\"},\"query-input\":{\"@type\":\"PropertyValueSpecification\",\"valueRequired\":true,\"valueName\":\"search_term_string\"}}],\"inLanguage\":\"vi-VN\"},{\"@type\":\"Organization\",\"@id\":\"https:\/\/avcfarm.vn\/vi\/#organization\",\"name\":\"AVC Farm\",\"url\":\"https:\/\/avcfarm.vn\/vi\/\",\"logo\":{\"@type\":\"ImageObject\",\"inLanguage\":\"vi-VN\",\"@id\":\"https:\/\/avcfarm.vn\/vi\/#\/schema\/logo\/image\/\",\"url\":\"https:\/\/avcfarm.vn\/wp-content\/uploads\/2025\/05\/logoheader_avcgroup.png\",\"contentUrl\":\"https:\/\/avcfarm.vn\/wp-content\/uploads\/2025\/05\/logoheader_avcgroup.png\",\"width\":491,\"height\":192,\"caption\":\"AVC Farm\"},\"image\":{\"@id\":\"https:\/\/avcfarm.vn\/vi\/#\/schema\/logo\/image\/\"}}]}<\/script>\n<!-- \/ Yoast SEO plugin. -->","yoast_head_json":{"title":"Hoa H\u1ed3i M\u00f9a Xu\u00e2n - AVC Farm","robots":{"index":"index","follow":"follow","max-snippet":"max-snippet:-1","max-image-preview":"max-image-preview:large","max-video-preview":"max-video-preview:-1"},"canonical":"https:\/\/avcfarm.vn\/san-pham\/spring-star-anise\/","og_locale":"vi_VN","og_type":"article","og_title":"Hoa H\u1ed3i M\u00f9a Xu\u00e2n - AVC Farm","og_description":"Ph\u1ee5 gia: T\u1ed1i \u0111a 1% \u0110\u1ed9 \u1ea9m: T\u1ed1i \u0111a 13,5% \u0110\u00f3ng g\u00f3i: Th\u00f9ng carton (T\u1ecbnh 5\/10 kg)","og_url":"https:\/\/avcfarm.vn\/san-pham\/spring-star-anise\/","og_site_name":"AVC Farm","article_modified_time":"2025-05-21T10:27:52+00:00","og_image":[{"width":1200,"height":1600,"url":"https:\/\/avcfarm.vn\/wp-content\/uploads\/2025\/04\/Spring-anise.jpg","type":"image\/jpeg"}],"twitter_card":"summary_large_image","schema":{"@context":"https:\/\/schema.org","@graph":[{"@type":"WebPage","@id":"https:\/\/avcfarm.vn\/san-pham\/spring-star-anise\/","url":"https:\/\/avcfarm.vn\/san-pham\/spring-star-anise\/","name":"Hoa H\u1ed3i M\u00f9a Xu\u00e2n - AVC Farm","isPartOf":{"@id":"https:\/\/avcfarm.vn\/vi\/#website"},"primaryImageOfPage":{"@id":"https:\/\/avcfarm.vn\/san-pham\/spring-star-anise\/#primaryimage"},"image":{"@id":"https:\/\/avcfarm.vn\/san-pham\/spring-star-anise\/#primaryimage"},"thumbnailUrl":"https:\/\/avcfarm.vn\/wp-content\/uploads\/2025\/04\/Spring-anise.jpg","datePublished":"2025-04-28T03:16:50+00:00","dateModified":"2025-05-21T10:27:52+00:00","breadcrumb":{"@id":"https:\/\/avcfarm.vn\/san-pham\/spring-star-anise\/#breadcrumb"},"inLanguage":"vi-VN","potentialAction":[{"@type":"ReadAction","target":["https:\/\/avcfarm.vn\/san-pham\/spring-star-anise\/"]}]},{"@type":"ImageObject","inLanguage":"vi-VN","@id":"https:\/\/avcfarm.vn\/san-pham\/spring-star-anise\/#primaryimage","url":"https:\/\/avcfarm.vn\/wp-content\/uploads\/2025\/04\/Spring-anise.jpg","contentUrl":"https:\/\/avcfarm.vn\/wp-content\/uploads\/2025\/04\/Spring-anise.jpg","width":1200,"height":1600},{"@type":"BreadcrumbList","@id":"https:\/\/avcfarm.vn\/san-pham\/spring-star-anise\/#breadcrumb","itemListElement":[{"@type":"ListItem","position":1,"name":"Home","item":"https:\/\/avcfarm.vn\/vi\/"},{"@type":"ListItem","position":2,"name":"Shop","item":"https:\/\/avcfarm.vn\/vi\/shop\/"},{"@type":"ListItem","position":3,"name":"Hoa H\u1ed3i M\u00f9a Xu\u00e2n"}]},{"@type":"WebSite","@id":"https:\/\/avcfarm.vn\/vi\/#website","url":"https:\/\/avcfarm.vn\/vi\/","name":"AVC Farm","description":"","publisher":{"@id":"https:\/\/avcfarm.vn\/vi\/#organization"},"potentialAction":[{"@type":"SearchAction","target":{"@type":"EntryPoint","urlTemplate":"https:\/\/avcfarm.vn\/vi\/?s={search_term_string}"},"query-input":{"@type":"PropertyValueSpecification","valueRequired":true,"valueName":"search_term_string"}}],"inLanguage":"vi-VN"},{"@type":"Organization","@id":"https:\/\/avcfarm.vn\/vi\/#organization","name":"AVC Farm","url":"https:\/\/avcfarm.vn\/vi\/","logo":{"@type":"ImageObject","inLanguage":"vi-VN","@id":"https:\/\/avcfarm.vn\/vi\/#\/schema\/logo\/image\/","url":"https:\/\/avcfarm.vn\/wp-content\/uploads\/2025\/05\/logoheader_avcgroup.png","contentUrl":"https:\/\/avcfarm.vn\/wp-content\/uploads\/2025\/05\/logoheader_avcgroup.png","width":491,"height":192,"caption":"AVC Farm"},"image":{"@id":"https:\/\/avcfarm.vn\/vi\/#\/schema\/logo\/image\/"}}]}},"_links":{"self":[{"href":"https:\/\/avcfarm.vn\/vi\/wp-json\/wp\/v2\/product\/3243","targetHints":{"allow":["GET"]}}],"collection":[{"href":"https:\/\/avcfarm.vn\/vi\/wp-json\/wp\/v2\/product"}],"about":[{"href":"https:\/\/avcfarm.vn\/vi\/wp-json\/wp\/v2\/types\/product"}],"replies":[{"embeddable":true,"href":"https:\/\/avcfarm.vn\/vi\/wp-json\/wp\/v2\/comments?post=3243"}],"wp:featuredmedia":[{"embeddable":true,"href":"https:\/\/avcfarm.vn\/vi\/wp-json\/wp\/v2\/media\/2532"}],"wp:attachment":[{"href":"https:\/\/avcfarm.vn\/vi\/wp-json\/wp\/v2\/media?parent=3243"}],"wp:term":[{"taxonomy":"product_brand","embeddable":true,"href":"https:\/\/avcfarm.vn\/vi\/wp-json\/wp\/v2\/product_brand?post=3243"},{"taxonomy":"product_cat","embeddable":true,"href":"https:\/\/avcfarm.vn\/vi\/wp-json\/wp\/v2\/product_cat?post=3243"},{"taxonomy":"product_tag","embeddable":true,"href":"https:\/\/avcfarm.vn\/vi\/wp-json\/wp\/v2\/product_tag?post=3243"}],"curies":[{"name":"wp","href":"https:\/\/api.w.org\/{rel}","templated":true}]}}