{"id":3247,"date":"2025-04-28T09:52:25","date_gmt":"2025-04-28T02:52:25","guid":{"rendered":"https:\/\/avcfarm.vn\/san-pham\/com-dua-say-loai-min-ham-luong-dau-cao-thap\/"},"modified":"2025-05-21T17:22:25","modified_gmt":"2025-05-21T10:22:25","slug":"com-dua-say-loai-min-ham-luong-dau-cao-thap","status":"publish","type":"product","link":"https:\/\/avcfarm.vn\/vi\/san-pham\/com-dua-say-loai-min-ham-luong-dau-cao-thap\/","title":{"rendered":"C\u01a1m D\u1eeba S\u1ea5y \u2013 Lo\u1ea1i M\u1ecbn, H\u00e0m L\u01b0\u1ee3ng D\u1ea7u Cao \/ Th\u1ea5p"},"content":{"rendered":"<p class=\"\" data-start=\"231\" data-end=\"614\"><strong data-start=\"235\" data-end=\"277\">D\u1eeba n\u1ea1o s\u1ea5y lo\u1ea1i cao c\u1ea5p<\/strong> c\u1ee7a ch\u00fang t\u00f4i \u0111\u01b0\u1ee3c ch\u1ebf bi\u1ebfn t\u1eeb <strong data-start=\"309\" data-end=\"339\">100% c\u01a1m d\u1eeba nguy\u00ean ch\u1ea5t<\/strong>, t\u1ef1 nhi\u00ean, \u0111\u00e1p \u1ee9ng c\u00e1c ti\u00eau chu\u1ea9n cao nh\u1ea5t v\u1ec1 ch\u1ea5t l\u01b0\u1ee3ng v\u00e0 h\u01b0\u01a1ng v\u1ecb. V\u1edbi <strong data-start=\"426\" data-end=\"445\">h\u00e0m l\u01b0\u1ee3ng ch\u1ea5t b\u00e9o cao (62\u201365%)<\/strong>, d\u1eeba n\u1ea1o m\u1ecbn (fine grade) mang \u0111\u1ebfn h\u01b0\u01a1ng v\u1ecb d\u1eeba \u0111\u1eadm \u0111\u00e0, b\u00e9o th\u01a1m, l\u00e0 l\u1ef1a ch\u1ecdn l\u00fd t\u01b0\u1edfng cho nh\u1eefng c\u00f4ng th\u1ee9c \u1ea9m th\u1ef1c \u0111\u00f2i h\u1ecfi nguy\u00ean li\u1ec7u d\u1eeba ch\u1ea5t l\u01b0\u1ee3ng cao, sang tr\u1ecdng v\u00e0 gi\u00e0u h\u01b0\u01a1ng v\u1ecb. <\/p>\n<p class=\"\" data-start=\"616\" data-end=\"954\">D\u1eeba n\u1ea1o s\u1ea5y lo\u1ea1i m\u1ecbn n\u00e0y c\u00f3 <strong data-start=\"657\" data-end=\"696\">\u0111\u1ed9 \u1ea9m t\u1ed1i \u0111a ch\u1ec9 3%<\/strong>, gi\u00fap s\u1ea3n ph\u1ea9m lu\u00f4n kh\u00f4 r\u00e1o, t\u01b0\u01a1i m\u1edbi m\u00e0 v\u1eabn gi\u1eef nguy\u00ean h\u01b0\u01a1ng v\u1ecb d\u1eeba th\u01a1m ngon, t\u1ef1 nhi\u00ean. Ngo\u00e0i ra, s\u1ea3n ph\u1ea9m c\u00f3 <strong data-start=\"803\" data-end=\"837\">ch\u1ec9 s\u1ed1 axit b\u00e9o t\u1ef1 do (FFA)<\/strong> <strong data-start=\"847\" data-end=\"870\">t\u1ed1i \u0111a 0,3% (t\u00ednh theo Lauric Acid)<\/strong>, \u0111\u1ea3m b\u1ea3o h\u01b0\u01a1ng v\u1ecb d\u1eeba nh\u1eb9 nh\u00e0ng, tinh khi\u1ebft, kh\u00f4ng c\u00f3 m\u00f9i l\u1ea1 ho\u1eb7c v\u1ecb kh\u00f3 ch\u1ecbu, mang l\u1ea1i tr\u1ea3i nghi\u1ec7m ch\u1ea5t l\u01b0\u1ee3ng \u1ed5n \u0111\u1ecbnh cho m\u1ecdi \u1ee9ng d\u1ee5ng \u1ea9m th\u1ef1c. <\/p>\n<p class=\"\" data-start=\"956\" data-end=\"1166\">K\u1ebft c\u1ea5u n\u1ea1o m\u1ecbn c\u1ee7a lo\u1ea1i d\u1eeba n\u00e0y khi\u1ebfn n\u00f3 tr\u1edf th\u00e0nh l\u1ef1a ch\u1ecdn l\u00fd t\u01b0\u1edfng cho c\u00e1c <strong data-start=\"1027\" data-end=\"1046\">s\u1ea3n ph\u1ea9m b\u00e1nh, n\u1ea5u \u0103n<\/strong> v\u00e0 <strong data-start=\"1052\" data-end=\"1069\">b\u00e1nh k\u1eb9o<\/strong>, khi b\u1ea1n c\u1ea7n m\u1ed9t th\u00e0nh ph\u1ea7n d\u1eeba h\u00f2a quy\u1ec7n ho\u00e0n h\u1ea3o v\u00e0 mang l\u1ea1i k\u1ebft c\u1ea5u m\u1ecbn.<\/p>\n<p class=\"\" data-start=\"1168\" data-end=\"1188\"><strong data-start=\"1168\" data-end=\"1188\">Chi ti\u1ebft s\u1ea3n ph\u1ea9m:<\/strong><\/p>\n<ul data-start=\"1189\" data-end=\"1515\">\n<li class=\"\" data-start=\"1189\" data-end=\"1247\">\n<p class=\"\" data-start=\"1191\" data-end=\"1247\"><strong data-start=\"1191\" data-end=\"1208\">T\u00ean s\u1ea3n ph\u1ea9m: <\/strong>C\u01a1m D\u1eeba S\u1ea5y \u2013 Lo\u1ea1i M\u1ecbn, H\u00e0m L\u01b0\u1ee3ng D\u1ea7u Cao \/ Th\u1ea5p<\/p>\n<\/li>\n<li class=\"\" data-start=\"1248\" data-end=\"1284\">\n<p class=\"\" data-start=\"1250\" data-end=\"1284\"><strong data-start=\"1250\" data-end=\"1266\">H\u00e0m l\u01b0\u1ee3ng d\u1ea7u:<\/strong> Ch\u1ea5t b\u00e9o cao (62-65%)<\/p>\n<\/li>\n<li class=\"\" data-start=\"1285\" data-end=\"1319\">\n<p class=\"\" data-start=\"1287\" data-end=\"1319\"><strong data-start=\"1287\" data-end=\"1308\">\u0110\u1ed9 \u1ea9m: <\/strong>T\u1ed1i \u0111a 3%<\/p>\n<\/li>\n<li class=\"\" data-start=\"1320\" data-end=\"1360\">\n<p class=\"\" data-start=\"1322\" data-end=\"1360\"><strong data-start=\"1322\" data-end=\"1347\">FFA (d\u01b0\u1edbi d\u1ea1ng Axit Lauric): <\/strong>T\u1ed1i \u0111a 0,3%<\/p>\n<\/li>\n<li class=\"\" data-start=\"1361\" data-end=\"1458\">\n<p class=\"\" data-start=\"1363\" data-end=\"1458\"><strong data-start=\"1363\" data-end=\"1382\">H\u01b0\u01a1ng v\u1ecb v\u00e0 m\u00f9i v\u1ecb: <\/strong>H\u01b0\u01a1ng v\u1ecb d\u1eeba \u0111\u1eadm \u0111\u00e0, nh\u1eb9 nh\u00e0ng, kh\u00f4ng c\u00f3 m\u00f9i l\u1ea1 v\u00e0 h\u01b0\u01a1ng v\u1ecb n\u1ed3ng n\u00e0n<\/p>\n<\/li>\n<li class=\"\" data-start=\"1459\" data-end=\"1493\">\n<p class=\"\" data-start=\"1461\" data-end=\"1493\"><strong data-start=\"1461\" data-end=\"1475\">\u0110\u00f3ng g\u00f3i: <\/strong>25kg\/50kg\/bao<\/p>\n<\/li>\n<li class=\"\" data-start=\"1494\" data-end=\"1515\">\n<p class=\"\" data-start=\"1496\" data-end=\"1515\"><strong data-start=\"1496\" data-end=\"1507\">Xu\u1ea5t x\u1ee9:<\/strong> Vi\u1ec7t Nam<\/p>\n<\/li>\n<\/ul>\n<p class=\"\" data-start=\"1517\" data-end=\"1534\"><strong data-start=\"1517\" data-end=\"1534\">\u0110\u1eb7c \u0110i\u1ec3m N\u1ed5i B\u1eadt:<\/strong><\/p>\n<ul data-start=\"1535\" data-end=\"2084\">\n<li class=\"\" data-start=\"1535\" data-end=\"1692\">\n<p class=\"\" data-start=\"1537\" data-end=\"1692\"><strong data-start=\"1537\" data-end=\"1558\">H\u00e0m l\u01b0\u1ee3ng ch\u1ea5t b\u00e9o cao:<\/strong> V\u1edbi h\u00e0m l\u01b0\u1ee3ng d\u1ea7u t\u1eeb <strong data-start=\"1582\" data-end=\"1592\">62-65%,<\/strong> lo\u1ea1i d\u1eeba n\u1ea1o s\u1ea5y m\u1ecbn n\u00e0y mang \u0111\u1ebfn h\u01b0\u01a1ng v\u1ecb d\u1eeba \u0111\u1eadm \u0111\u00e0, h\u1ea5p d\u1eabn gi\u00fap t\u0103ng th\u00eam h\u01b0\u01a1ng v\u1ecb cho m\u1ecdi m\u00f3n \u0103n.<\/p>\n<\/li>\n<li class=\"\" data-start=\"1693\" data-end=\"1831\">\n<p class=\"\" data-start=\"1695\" data-end=\"1831\"><strong data-start=\"1695\" data-end=\"1715\">Ch\u1ea5t l\u01b0\u1ee3ng cao c\u1ea5p: <\/strong>\u0110\u01b0\u1ee3c ch\u1ebf bi\u1ebfn ho\u00e0n h\u1ea3o, lo\u1ea1i d\u1eeba h\u1ea3o h\u1ea1ng n\u00e0y l\u00fd t\u01b0\u1edfng \u0111\u1ec3 t\u1ea1o n\u00ean k\u1ebft c\u1ea5u m\u1ecbn m\u00e0ng cho c\u00e1c m\u00f3n \u0103n c\u1ee7a b\u1ea1n.<\/p>\n<\/li>\n<li class=\"\" data-start=\"1832\" data-end=\"1989\">\n<p class=\"\" data-start=\"1834\" data-end=\"1989\"><strong data-start=\"1834\" data-end=\"1854\">Th\u1eddi h\u1ea1n s\u1eed d\u1ee5ng d\u00e0i:<\/strong> V\u1edbi h\u00e0m l\u01b0\u1ee3ng \u1ea9m th\u1ea5p <strong data-start=\"1886\" data-end=\"1900\">t\u1ed1i \u0111a l\u00e0 3%<\/strong>, s\u1ea3n ph\u1ea9m gi\u1eef \u0111\u01b0\u1ee3c \u0111\u1ed9 t\u01b0\u01a1i trong th\u1eddi gian d\u00e0i h\u01a1n, th\u00edch h\u1ee3p \u0111\u1ec3 l\u01b0u tr\u1eef v\u00e0 mua s\u1ed1 l\u01b0\u1ee3ng l\u1edbn.<\/p>\n<\/li>\n<li class=\"\" data-start=\"1990\" data-end=\"2084\">\n<p class=\"\" data-start=\"1992\" data-end=\"2084\"><strong data-start=\"1992\" data-end=\"2008\">H\u01b0\u01a1ng v\u1ecb tinh khi\u1ebft: <\/strong>Th\u01b0\u1edfng th\u1ee9c h\u01b0\u01a1ng d\u1eeba nh\u1eb9 nh\u00e0ng m\u00e0 kh\u00f4ng c\u00f3 m\u00f9i l\u1ea1 hay d\u01b0 v\u1ecb kh\u00f3 ch\u1ecbu.<\/p>\n<\/li>\n<\/ul>\n<p class=\"\" data-start=\"2086\" data-end=\"2110\"><strong data-start=\"2086\" data-end=\"2110\">\u1ee8ng d\u1ee5ng ph\u1ed5 bi\u1ebfn:<\/strong><\/p>\n<ul data-start=\"2111\" data-end=\"2488\">\n<li class=\"\" data-start=\"2111\" data-end=\"2229\">\n<p class=\"\" data-start=\"2113\" data-end=\"2229\"><strong data-start=\"2113\" data-end=\"2133\">B\u00e1nh &amp; M\u00f3n N\u01b0\u1edbng: <\/strong>Ho\u00e0n h\u1ea3o cho b\u00e1nh kem, b\u00e1nh quy v\u00e0 c\u00e1c m\u00f3n n\u01b0\u1edbng kh\u00e1c c\u1ea7n h\u01b0\u01a1ng v\u1ecb d\u1eeba m\u1ecbn, \u0111\u1eadm \u0111\u00e0 v\u00e0 tinh t\u1ebf.<\/p>\n<\/li>\n<li class=\"\" data-start=\"2230\" data-end=\"2304\">\n<p class=\"\" data-start=\"2232\" data-end=\"2304\"><strong data-start=\"2232\" data-end=\"2250\">B\u00e1nh k\u1eb9o: <\/strong>Th\u00edch h\u1ee3p \u0111\u1ec3 s\u1eed d\u1ee5ng trong l\u00e0m k\u1eb9o v\u00e0 ph\u1ee7 s\u00f4 c\u00f4 la.<\/p>\n<\/li>\n<li class=\"\" data-start=\"2305\" data-end=\"2393\">\n<p class=\"\" data-start=\"2307\" data-end=\"2393\"><strong data-start=\"2307\" data-end=\"2330\">Sinh t\u1ed1 &amp; \u0111\u1ed3 \u0103n nh\u1eb9: <\/strong>M\u1ed9t th\u00e0nh ph\u1ea7n tuy\u1ec7t v\u1eddi b\u1ed5 sung v\u00e0o sinh t\u1ed1, thanh n\u0103ng l\u01b0\u1ee3ng v\u00e0 \u0111\u1ed3 \u0103n nh\u1eb9 t\u1ed1t cho s\u1ee9c kh\u1ecfe.<\/p>\n<\/li>\n<li class=\"\" data-start=\"2394\" data-end=\"2488\">\n<p class=\"\" data-start=\"2396\" data-end=\"2488\"><strong data-start=\"2396\" data-end=\"2414\">M\u00f3n \u0103n m\u1eb7n: <\/strong>Th\u00eam h\u01b0\u01a1ng v\u1ecb d\u1eeba th\u01a1m ngon cho m\u00f3n c\u00e0 ri, c\u01a1m v\u00e0 c\u00e1c m\u00f3n \u0103n m\u1eb7n kh\u00e1c.<\/p>\n<\/li>\n<\/ul>\n<p class=\"\" data-start=\"2490\" data-end=\"2769\"><strong data-start=\"2490\" data-end=\"2532\">D\u1eeba n\u1ea1o s\u1ea5y lo\u1ea1i m\u1ecbn \u2013 h\u00e0m l\u01b0\u1ee3ng d\u1ea7u cao <\/strong>l\u00e0 nguy\u00ean li\u1ec7u \u0111a n\u0103ng v\u00e0 ch\u1ea5t l\u01b0\u1ee3ng cao, ph\u00f9 h\u1ee3p v\u1edbi nhi\u1ec1u \u1ee9ng d\u1ee5ng \u1ea9m th\u1ef1c kh\u00e1c nhau. <\/p>\n","protected":false},"excerpt":{"rendered":"<p>Th\u00e0nh ph\u1ea7n: 100% d\u1eeba nguy\u00ean ch\u1ea5t t\u1ef1 nhi\u00ean<br \/>\nH\u00e0m l\u01b0\u1ee3ng d\u1ea7u: Ch\u1ea5t b\u00e9o cao (62-65%) v\u00e0 Ch\u1ea5t b\u00e9o th\u1ea5p (40-45%)<br \/>\n\u0110\u1ed9 \u1ea9m: Ch\u1ea5t b\u00e9o cao: t\u1ed1i \u0111a 3%; Ch\u1ea5t b\u00e9o th\u1ea5p: t\u1ed1i \u0111a 4,5%<br \/>\nFFA (d\u01b0\u1edbi d\u1ea1ng Axit Lauric): T\u1ed1i \u0111a 0,3%<br \/>\nH\u01b0\u01a1ng v\u1ecb v\u00e0 m\u00f9i v\u1ecb: Ch\u1ea5t b\u00e9o nh\u1eb9. Kh\u00f4ng c\u00f3 m\u00f9i l\u1ea1, h\u01b0\u01a1ng v\u1ecb d\u1eeba s\u1ea5y kh\u00f4 \u0111\u1eb7c tr\u01b0ng. Kh\u00f4ng<br \/>\nc\u00f3 m\u00f9i m\u1ea1nh<br \/>\n\u0110\u00f3ng g\u00f3i: 25\/50kgs\/bao (1PE + 2 Krafts + 1PP)<br \/>\nXu\u1ea5t x\u1ee9: Vi\u1ec7t Nam  <\/p>\n","protected":false},"featured_media":2501,"comment_status":"open","ping_status":"closed","template":"","meta":{"site-sidebar-layout":"default","site-content-layout":"","ast-site-content-layout":"default","site-content-style":"default","site-sidebar-style":"default","ast-global-header-display":"","ast-banner-title-visibility":"","ast-main-header-display":"","ast-hfb-above-header-display":"","ast-hfb-below-header-display":"","ast-hfb-mobile-header-display":"","site-post-title":"","ast-breadcrumbs-content":"","ast-featured-img":"","footer-sml-layout":"","theme-transparent-header-meta":"default","adv-header-id-meta":"","stick-header-meta":"default","header-above-stick-meta":"","header-main-stick-meta":"","header-below-stick-meta":"","astra-migrate-meta-layouts":"default","ast-page-background-enabled":"default","ast-page-background-meta":{"desktop":{"background-color":"var(--ast-global-color-4)","background-image":"","background-repeat":"repeat","background-position":"center center","background-size":"auto","background-attachment":"scroll","background-type":"","background-media":"","overlay-type":"","overlay-color":"","overlay-opacity":"","overlay-gradient":""},"tablet":{"background-color":"","background-image":"","background-repeat":"repeat","background-position":"center center","background-size":"auto","background-attachment":"scroll","background-type":"","background-media":"","overlay-type":"","overlay-color":"","overlay-opacity":"","overlay-gradient":""},"mobile":{"background-color":"","background-image":"","background-repeat":"repeat","background-position":"center center","background-size":"auto","background-attachment":"scroll","background-type":"","background-media":"","overlay-type":"","overlay-color":"","overlay-opacity":"","overlay-gradient":""}},"ast-content-background-meta":{"desktop":{"background-color":"var(--ast-global-color-5)","background-image":"","background-repeat":"repeat","background-position":"center center","background-size":"auto","background-attachment":"scroll","background-type":"","background-media":"","overlay-type":"","overlay-color":"","overlay-opacity":"","overlay-gradient":""},"tablet":{"background-color":"var(--ast-global-color-5)","background-image":"","background-repeat":"repeat","background-position":"center center","background-size":"auto","background-attachment":"scroll","background-type":"","background-media":"","overlay-type":"","overlay-color":"","overlay-opacity":"","overlay-gradient":""},"mobile":{"background-color":"var(--ast-global-color-5)","background-image":"","background-repeat":"repeat","background-position":"center center","background-size":"auto","background-attachment":"scroll","background-type":"","background-media":"","overlay-type":"","overlay-color":"","overlay-opacity":"","overlay-gradient":""}}},"product_brand":[],"product_cat":[71],"product_tag":[],"class_list":{"0":"post-3247","1":"product","2":"type-product","3":"status-publish","4":"has-post-thumbnail","6":"product_cat-dua-kho","7":"desktop-align-center","8":"tablet-align-left","9":"mobile-align-left","10":"ast-product-gallery-layout-horizontal-slider","11":"ast-product-tabs-layout-horizontal","13":"first","14":"instock","15":"shipping-taxable","16":"product-type-simple"},"yoast_head":"<!-- This site is optimized with the Yoast SEO plugin v25.7 - https:\/\/yoast.com\/wordpress\/plugins\/seo\/ -->\n<title>C\u01a1m D\u1eeba S\u1ea5y \u2013 Lo\u1ea1i M\u1ecbn, H\u00e0m L\u01b0\u1ee3ng D\u1ea7u Cao \/ Th\u1ea5p - AVC Farm<\/title>\n<meta name=\"robots\" content=\"index, follow, max-snippet:-1, max-image-preview:large, max-video-preview:-1\" \/>\n<link rel=\"canonical\" href=\"https:\/\/avcfarm.vn\/vi\/san-pham\/com-dua-say-loai-min-ham-luong-dau-cao-thap\/\" \/>\n<meta property=\"og:locale\" content=\"vi_VN\" \/>\n<meta property=\"og:type\" content=\"article\" \/>\n<meta property=\"og:title\" content=\"C\u01a1m D\u1eeba S\u1ea5y \u2013 Lo\u1ea1i M\u1ecbn, H\u00e0m L\u01b0\u1ee3ng D\u1ea7u Cao \/ Th\u1ea5p - AVC Farm\" \/>\n<meta property=\"og:description\" content=\"Th\u00e0nh ph\u1ea7n: 100% d\u1eeba nguy\u00ean ch\u1ea5t t\u1ef1 nhi\u00ean H\u00e0m l\u01b0\u1ee3ng d\u1ea7u: Ch\u1ea5t b\u00e9o cao (62-65%) v\u00e0 Ch\u1ea5t b\u00e9o th\u1ea5p (40-45%) \u0110\u1ed9 \u1ea9m: Ch\u1ea5t b\u00e9o cao: t\u1ed1i \u0111a 3%; Ch\u1ea5t b\u00e9o th\u1ea5p: t\u1ed1i \u0111a 4,5% FFA (d\u01b0\u1edbi d\u1ea1ng Axit Lauric): T\u1ed1i \u0111a 0,3% H\u01b0\u01a1ng v\u1ecb v\u00e0 m\u00f9i v\u1ecb: Ch\u1ea5t b\u00e9o nh\u1eb9. Kh\u00f4ng c\u00f3 m\u00f9i l\u1ea1, h\u01b0\u01a1ng v\u1ecb d\u1eeba s\u1ea5y kh\u00f4 \u0111\u1eb7c tr\u01b0ng. Kh\u00f4ng c\u00f3 m\u00f9i m\u1ea1nh \u0110\u00f3ng g\u00f3i: 25\/50kgs\/bao (1PE + 2 Krafts + 1PP) Xu\u1ea5t x\u1ee9: Vi\u1ec7t Nam\" \/>\n<meta property=\"og:url\" content=\"https:\/\/avcfarm.vn\/vi\/san-pham\/com-dua-say-loai-min-ham-luong-dau-cao-thap\/\" \/>\n<meta property=\"og:site_name\" content=\"AVC Farm\" \/>\n<meta property=\"article:modified_time\" content=\"2025-05-21T10:22:25+00:00\" \/>\n<meta property=\"og:image\" content=\"https:\/\/avcfarm.vn\/wp-content\/uploads\/2025\/04\/COM-DUA-HFFG.png\" \/>\n\t<meta property=\"og:image:width\" content=\"878\" \/>\n\t<meta property=\"og:image:height\" content=\"395\" \/>\n\t<meta property=\"og:image:type\" content=\"image\/png\" \/>\n<meta name=\"twitter:card\" content=\"summary_large_image\" \/>\n<meta name=\"twitter:label1\" content=\"Est. reading time\" \/>\n\t<meta name=\"twitter:data1\" content=\"4 minutes\" \/>\n<script type=\"application\/ld+json\" class=\"yoast-schema-graph\">{\"@context\":\"https:\/\/schema.org\",\"@graph\":[{\"@type\":\"WebPage\",\"@id\":\"https:\/\/avcfarm.vn\/vi\/san-pham\/com-dua-say-loai-min-ham-luong-dau-cao-thap\/\",\"url\":\"https:\/\/avcfarm.vn\/vi\/san-pham\/com-dua-say-loai-min-ham-luong-dau-cao-thap\/\",\"name\":\"C\u01a1m D\u1eeba S\u1ea5y \u2013 Lo\u1ea1i M\u1ecbn, H\u00e0m L\u01b0\u1ee3ng D\u1ea7u Cao \/ Th\u1ea5p - AVC Farm\",\"isPartOf\":{\"@id\":\"https:\/\/avcfarm.vn\/vi\/#website\"},\"primaryImageOfPage\":{\"@id\":\"https:\/\/avcfarm.vn\/vi\/san-pham\/com-dua-say-loai-min-ham-luong-dau-cao-thap\/#primaryimage\"},\"image\":{\"@id\":\"https:\/\/avcfarm.vn\/vi\/san-pham\/com-dua-say-loai-min-ham-luong-dau-cao-thap\/#primaryimage\"},\"thumbnailUrl\":\"https:\/\/avcfarm.vn\/wp-content\/uploads\/2025\/04\/COM-DUA-HFFG.png\",\"datePublished\":\"2025-04-28T02:52:25+00:00\",\"dateModified\":\"2025-05-21T10:22:25+00:00\",\"breadcrumb\":{\"@id\":\"https:\/\/avcfarm.vn\/vi\/san-pham\/com-dua-say-loai-min-ham-luong-dau-cao-thap\/#breadcrumb\"},\"inLanguage\":\"vi-VN\",\"potentialAction\":[{\"@type\":\"ReadAction\",\"target\":[\"https:\/\/avcfarm.vn\/vi\/san-pham\/com-dua-say-loai-min-ham-luong-dau-cao-thap\/\"]}]},{\"@type\":\"ImageObject\",\"inLanguage\":\"vi-VN\",\"@id\":\"https:\/\/avcfarm.vn\/vi\/san-pham\/com-dua-say-loai-min-ham-luong-dau-cao-thap\/#primaryimage\",\"url\":\"https:\/\/avcfarm.vn\/wp-content\/uploads\/2025\/04\/COM-DUA-HFFG.png\",\"contentUrl\":\"https:\/\/avcfarm.vn\/wp-content\/uploads\/2025\/04\/COM-DUA-HFFG.png\",\"width\":878,\"height\":395},{\"@type\":\"BreadcrumbList\",\"@id\":\"https:\/\/avcfarm.vn\/vi\/san-pham\/com-dua-say-loai-min-ham-luong-dau-cao-thap\/#breadcrumb\",\"itemListElement\":[{\"@type\":\"ListItem\",\"position\":1,\"name\":\"Home\",\"item\":\"https:\/\/avcfarm.vn\/vi\/\"},{\"@type\":\"ListItem\",\"position\":2,\"name\":\"Shop\",\"item\":\"https:\/\/avcfarm.vn\/vi\/shop\/\"},{\"@type\":\"ListItem\",\"position\":3,\"name\":\"C\u01a1m D\u1eeba S\u1ea5y \u2013 Lo\u1ea1i M\u1ecbn, H\u00e0m L\u01b0\u1ee3ng D\u1ea7u Cao \/ Th\u1ea5p\"}]},{\"@type\":\"WebSite\",\"@id\":\"https:\/\/avcfarm.vn\/vi\/#website\",\"url\":\"https:\/\/avcfarm.vn\/vi\/\",\"name\":\"AVC Farm\",\"description\":\"\",\"publisher\":{\"@id\":\"https:\/\/avcfarm.vn\/vi\/#organization\"},\"potentialAction\":[{\"@type\":\"SearchAction\",\"target\":{\"@type\":\"EntryPoint\",\"urlTemplate\":\"https:\/\/avcfarm.vn\/vi\/?s={search_term_string}\"},\"query-input\":{\"@type\":\"PropertyValueSpecification\",\"valueRequired\":true,\"valueName\":\"search_term_string\"}}],\"inLanguage\":\"vi-VN\"},{\"@type\":\"Organization\",\"@id\":\"https:\/\/avcfarm.vn\/vi\/#organization\",\"name\":\"AVC Farm\",\"url\":\"https:\/\/avcfarm.vn\/vi\/\",\"logo\":{\"@type\":\"ImageObject\",\"inLanguage\":\"vi-VN\",\"@id\":\"https:\/\/avcfarm.vn\/vi\/#\/schema\/logo\/image\/\",\"url\":\"https:\/\/avcfarm.vn\/wp-content\/uploads\/2025\/05\/logoheader_avcgroup.png\",\"contentUrl\":\"https:\/\/avcfarm.vn\/wp-content\/uploads\/2025\/05\/logoheader_avcgroup.png\",\"width\":491,\"height\":192,\"caption\":\"AVC Farm\"},\"image\":{\"@id\":\"https:\/\/avcfarm.vn\/vi\/#\/schema\/logo\/image\/\"}}]}<\/script>\n<!-- \/ Yoast SEO plugin. -->","yoast_head_json":{"title":"C\u01a1m D\u1eeba S\u1ea5y \u2013 Lo\u1ea1i M\u1ecbn, H\u00e0m L\u01b0\u1ee3ng D\u1ea7u Cao \/ Th\u1ea5p - AVC Farm","robots":{"index":"index","follow":"follow","max-snippet":"max-snippet:-1","max-image-preview":"max-image-preview:large","max-video-preview":"max-video-preview:-1"},"canonical":"https:\/\/avcfarm.vn\/vi\/san-pham\/com-dua-say-loai-min-ham-luong-dau-cao-thap\/","og_locale":"vi_VN","og_type":"article","og_title":"C\u01a1m D\u1eeba S\u1ea5y \u2013 Lo\u1ea1i M\u1ecbn, H\u00e0m L\u01b0\u1ee3ng D\u1ea7u Cao \/ Th\u1ea5p - AVC Farm","og_description":"Th\u00e0nh ph\u1ea7n: 100% d\u1eeba nguy\u00ean ch\u1ea5t t\u1ef1 nhi\u00ean H\u00e0m l\u01b0\u1ee3ng d\u1ea7u: Ch\u1ea5t b\u00e9o cao (62-65%) v\u00e0 Ch\u1ea5t b\u00e9o th\u1ea5p (40-45%) \u0110\u1ed9 \u1ea9m: Ch\u1ea5t b\u00e9o cao: t\u1ed1i \u0111a 3%; Ch\u1ea5t b\u00e9o th\u1ea5p: t\u1ed1i \u0111a 4,5% FFA (d\u01b0\u1edbi d\u1ea1ng Axit Lauric): T\u1ed1i \u0111a 0,3% H\u01b0\u01a1ng v\u1ecb v\u00e0 m\u00f9i v\u1ecb: Ch\u1ea5t b\u00e9o nh\u1eb9. Kh\u00f4ng c\u00f3 m\u00f9i l\u1ea1, h\u01b0\u01a1ng v\u1ecb d\u1eeba s\u1ea5y kh\u00f4 \u0111\u1eb7c tr\u01b0ng. Kh\u00f4ng c\u00f3 m\u00f9i m\u1ea1nh \u0110\u00f3ng g\u00f3i: 25\/50kgs\/bao (1PE + 2 Krafts + 1PP) Xu\u1ea5t x\u1ee9: Vi\u1ec7t Nam","og_url":"https:\/\/avcfarm.vn\/vi\/san-pham\/com-dua-say-loai-min-ham-luong-dau-cao-thap\/","og_site_name":"AVC Farm","article_modified_time":"2025-05-21T10:22:25+00:00","og_image":[{"width":878,"height":395,"url":"https:\/\/avcfarm.vn\/wp-content\/uploads\/2025\/04\/COM-DUA-HFFG.png","type":"image\/png"}],"twitter_card":"summary_large_image","twitter_misc":{"Est. reading time":"4 minutes"},"schema":{"@context":"https:\/\/schema.org","@graph":[{"@type":"WebPage","@id":"https:\/\/avcfarm.vn\/vi\/san-pham\/com-dua-say-loai-min-ham-luong-dau-cao-thap\/","url":"https:\/\/avcfarm.vn\/vi\/san-pham\/com-dua-say-loai-min-ham-luong-dau-cao-thap\/","name":"C\u01a1m D\u1eeba S\u1ea5y \u2013 Lo\u1ea1i M\u1ecbn, H\u00e0m L\u01b0\u1ee3ng D\u1ea7u Cao \/ Th\u1ea5p - AVC Farm","isPartOf":{"@id":"https:\/\/avcfarm.vn\/vi\/#website"},"primaryImageOfPage":{"@id":"https:\/\/avcfarm.vn\/vi\/san-pham\/com-dua-say-loai-min-ham-luong-dau-cao-thap\/#primaryimage"},"image":{"@id":"https:\/\/avcfarm.vn\/vi\/san-pham\/com-dua-say-loai-min-ham-luong-dau-cao-thap\/#primaryimage"},"thumbnailUrl":"https:\/\/avcfarm.vn\/wp-content\/uploads\/2025\/04\/COM-DUA-HFFG.png","datePublished":"2025-04-28T02:52:25+00:00","dateModified":"2025-05-21T10:22:25+00:00","breadcrumb":{"@id":"https:\/\/avcfarm.vn\/vi\/san-pham\/com-dua-say-loai-min-ham-luong-dau-cao-thap\/#breadcrumb"},"inLanguage":"vi-VN","potentialAction":[{"@type":"ReadAction","target":["https:\/\/avcfarm.vn\/vi\/san-pham\/com-dua-say-loai-min-ham-luong-dau-cao-thap\/"]}]},{"@type":"ImageObject","inLanguage":"vi-VN","@id":"https:\/\/avcfarm.vn\/vi\/san-pham\/com-dua-say-loai-min-ham-luong-dau-cao-thap\/#primaryimage","url":"https:\/\/avcfarm.vn\/wp-content\/uploads\/2025\/04\/COM-DUA-HFFG.png","contentUrl":"https:\/\/avcfarm.vn\/wp-content\/uploads\/2025\/04\/COM-DUA-HFFG.png","width":878,"height":395},{"@type":"BreadcrumbList","@id":"https:\/\/avcfarm.vn\/vi\/san-pham\/com-dua-say-loai-min-ham-luong-dau-cao-thap\/#breadcrumb","itemListElement":[{"@type":"ListItem","position":1,"name":"Home","item":"https:\/\/avcfarm.vn\/vi\/"},{"@type":"ListItem","position":2,"name":"Shop","item":"https:\/\/avcfarm.vn\/vi\/shop\/"},{"@type":"ListItem","position":3,"name":"C\u01a1m D\u1eeba S\u1ea5y \u2013 Lo\u1ea1i M\u1ecbn, H\u00e0m L\u01b0\u1ee3ng D\u1ea7u Cao \/ Th\u1ea5p"}]},{"@type":"WebSite","@id":"https:\/\/avcfarm.vn\/vi\/#website","url":"https:\/\/avcfarm.vn\/vi\/","name":"AVC Farm","description":"","publisher":{"@id":"https:\/\/avcfarm.vn\/vi\/#organization"},"potentialAction":[{"@type":"SearchAction","target":{"@type":"EntryPoint","urlTemplate":"https:\/\/avcfarm.vn\/vi\/?s={search_term_string}"},"query-input":{"@type":"PropertyValueSpecification","valueRequired":true,"valueName":"search_term_string"}}],"inLanguage":"vi-VN"},{"@type":"Organization","@id":"https:\/\/avcfarm.vn\/vi\/#organization","name":"AVC Farm","url":"https:\/\/avcfarm.vn\/vi\/","logo":{"@type":"ImageObject","inLanguage":"vi-VN","@id":"https:\/\/avcfarm.vn\/vi\/#\/schema\/logo\/image\/","url":"https:\/\/avcfarm.vn\/wp-content\/uploads\/2025\/05\/logoheader_avcgroup.png","contentUrl":"https:\/\/avcfarm.vn\/wp-content\/uploads\/2025\/05\/logoheader_avcgroup.png","width":491,"height":192,"caption":"AVC Farm"},"image":{"@id":"https:\/\/avcfarm.vn\/vi\/#\/schema\/logo\/image\/"}}]}},"_links":{"self":[{"href":"https:\/\/avcfarm.vn\/vi\/wp-json\/wp\/v2\/product\/3247","targetHints":{"allow":["GET"]}}],"collection":[{"href":"https:\/\/avcfarm.vn\/vi\/wp-json\/wp\/v2\/product"}],"about":[{"href":"https:\/\/avcfarm.vn\/vi\/wp-json\/wp\/v2\/types\/product"}],"replies":[{"embeddable":true,"href":"https:\/\/avcfarm.vn\/vi\/wp-json\/wp\/v2\/comments?post=3247"}],"wp:featuredmedia":[{"embeddable":true,"href":"https:\/\/avcfarm.vn\/vi\/wp-json\/wp\/v2\/media\/2501"}],"wp:attachment":[{"href":"https:\/\/avcfarm.vn\/vi\/wp-json\/wp\/v2\/media?parent=3247"}],"wp:term":[{"taxonomy":"product_brand","embeddable":true,"href":"https:\/\/avcfarm.vn\/vi\/wp-json\/wp\/v2\/product_brand?post=3247"},{"taxonomy":"product_cat","embeddable":true,"href":"https:\/\/avcfarm.vn\/vi\/wp-json\/wp\/v2\/product_cat?post=3247"},{"taxonomy":"product_tag","embeddable":true,"href":"https:\/\/avcfarm.vn\/vi\/wp-json\/wp\/v2\/product_tag?post=3247"}],"curies":[{"name":"wp","href":"https:\/\/api.w.org\/{rel}","templated":true}]}}