{"id":3248,"date":"2025-04-28T09:43:02","date_gmt":"2025-04-28T02:43:02","guid":{"rendered":"https:\/\/avcfarm.vn\/san-pham\/dua-nao-say-ham-luong-dau-thap\/"},"modified":"2025-05-21T17:22:03","modified_gmt":"2025-05-21T10:22:03","slug":"dua-nao-say-ham-luong-dau-thap","status":"publish","type":"product","link":"https:\/\/avcfarm.vn\/vi\/san-pham\/dua-nao-say-ham-luong-dau-thap\/","title":{"rendered":"D\u1eeba N\u1ea1o S\u1ea5y \u2013 H\u00e0m L\u01b0\u1ee3ng D\u1ea7u Th\u1ea5p"},"content":{"rendered":"<p class=\"\" data-start=\"1148\" data-end=\"1168\"><strong data-start=\"1148\" data-end=\"1168\">Chi ti\u1ebft s\u1ea3n ph\u1ea9m:<\/strong><\/p>\n<ul data-start=\"1169\" data-end=\"1471\">\n<li class=\"\" data-start=\"1169\" data-end=\"1215\">\n<p class=\"\" data-start=\"1171\" data-end=\"1215\"><strong data-start=\"1171\" data-end=\"1188\">T\u00ean s\u1ea3n ph\u1ea9m: <\/strong>D\u1eeba N\u1ea1o S\u1ea5y \u2013 H\u00e0m L\u01b0\u1ee3ng D\u1ea7u Th\u1ea5p<\/p>\n<\/li>\n<li class=\"\" data-start=\"1216\" data-end=\"1251\">\n<p class=\"\" data-start=\"1218\" data-end=\"1251\"><strong data-start=\"1218\" data-end=\"1234\">H\u00e0m l\u01b0\u1ee3ng d\u1ea7u:<\/strong> \u00cdt ch\u1ea5t b\u00e9o (40-45%)<\/p>\n<\/li>\n<li class=\"\" data-start=\"1252\" data-end=\"1288\">\n<p class=\"\" data-start=\"1254\" data-end=\"1288\"><strong data-start=\"1254\" data-end=\"1275\">\u0110\u1ed9 \u1ea9m: <\/strong>T\u1ed1i \u0111a 4,5%<\/p>\n<\/li>\n<li class=\"\" data-start=\"1289\" data-end=\"1329\">\n<p class=\"\" data-start=\"1291\" data-end=\"1329\"><strong data-start=\"1291\" data-end=\"1316\">FFA (d\u01b0\u1edbi d\u1ea1ng Axit Lauric): <\/strong>T\u1ed1i \u0111a 0,3%<\/p>\n<\/li>\n<li class=\"\" data-start=\"1330\" data-end=\"1416\">\n<p class=\"\" data-start=\"1332\" data-end=\"1416\"><strong data-start=\"1332\" data-end=\"1351\">H\u01b0\u01a1ng v\u1ecb &amp; M\u00f9i v\u1ecb:<\/strong> H\u01b0\u01a1ng d\u1eeba nh\u1eb9, s\u1ea1ch, kh\u00f4ng c\u00f3 m\u00f9i l\u1ea1 ho\u1eb7c n\u1ed3ng<\/p>\n<\/li>\n<li class=\"\" data-start=\"1417\" data-end=\"1449\">\n<p class=\"\" data-start=\"1419\" data-end=\"1449\"><strong data-start=\"1419\" data-end=\"1431\">\u0110\u00f3ng g\u00f3i: <\/strong>25kg\/50kg\/bao<\/p>\n<\/li>\n<li class=\"\" data-start=\"1450\" data-end=\"1471\">\n<p class=\"\" data-start=\"1452\" data-end=\"1471\"><strong data-start=\"1452\" data-end=\"1463\">Xu\u1ea5t x\u1ee9:<\/strong> Vi\u1ec7t Nam<\/p>\n<\/li>\n<\/ul>\n","protected":false},"excerpt":{"rendered":"<p>Th\u00e0nh ph\u1ea7n: 100% d\u1eeba nguy\u00ean ch\u1ea5t t\u1ef1 nhi\u00ean<br \/>\nH\u00e0m l\u01b0\u1ee3ng d\u1ea7u: Ch\u1ea5t b\u00e9o cao (62-65%) v\u00e0 Ch\u1ea5t b\u00e9o th\u1ea5p (40-45%)<br \/>\n\u0110\u1ed9 \u1ea9m: Ch\u1ea5t b\u00e9o cao: t\u1ed1i \u0111a 3%; Ch\u1ea5t b\u00e9o th\u1ea5p: t\u1ed1i \u0111a 4,5%<br \/>\nFFA (d\u01b0\u1edbi d\u1ea1ng Axit Lauric): T\u1ed1i \u0111a 0,3%<br \/>\nH\u01b0\u01a1ng v\u1ecb v\u00e0 m\u00f9i v\u1ecb: Ch\u1ea5t b\u00e9o nh\u1eb9. Kh\u00f4ng c\u00f3 m\u00f9i l\u1ea1, h\u01b0\u01a1ng v\u1ecb d\u1eeba s\u1ea5y kh\u00f4 \u0111\u1eb7c tr\u01b0ng. Kh\u00f4ng<br \/>\nc\u00f3 m\u00f9i m\u1ea1nh<br \/>\n\u0110\u00f3ng g\u00f3i: 25\/50kgs\/bao (1PE + 2 Krafts + 1PP)<br \/>\nXu\u1ea5t x\u1ee9: Vi\u1ec7t Nam  <\/p>\n","protected":false},"featured_media":2493,"comment_status":"open","ping_status":"closed","template":"","meta":{"site-sidebar-layout":"default","site-content-layout":"","ast-site-content-layout":"default","site-content-style":"default","site-sidebar-style":"default","ast-global-header-display":"","ast-banner-title-visibility":"","ast-main-header-display":"","ast-hfb-above-header-display":"","ast-hfb-below-header-display":"","ast-hfb-mobile-header-display":"","site-post-title":"","ast-breadcrumbs-content":"","ast-featured-img":"","footer-sml-layout":"","theme-transparent-header-meta":"default","adv-header-id-meta":"","stick-header-meta":"default","header-above-stick-meta":"","header-main-stick-meta":"","header-below-stick-meta":"","astra-migrate-meta-layouts":"default","ast-page-background-enabled":"default","ast-page-background-meta":{"desktop":{"background-color":"var(--ast-global-color-4)","background-image":"","background-repeat":"repeat","background-position":"center center","background-size":"auto","background-attachment":"scroll","background-type":"","background-media":"","overlay-type":"","overlay-color":"","overlay-opacity":"","overlay-gradient":""},"tablet":{"background-color":"","background-image":"","background-repeat":"repeat","background-position":"center center","background-size":"auto","background-attachment":"scroll","background-type":"","background-media":"","overlay-type":"","overlay-color":"","overlay-opacity":"","overlay-gradient":""},"mobile":{"background-color":"","background-image":"","background-repeat":"repeat","background-position":"center center","background-size":"auto","background-attachment":"scroll","background-type":"","background-media":"","overlay-type":"","overlay-color":"","overlay-opacity":"","overlay-gradient":""}},"ast-content-background-meta":{"desktop":{"background-color":"var(--ast-global-color-5)","background-image":"","background-repeat":"repeat","background-position":"center center","background-size":"auto","background-attachment":"scroll","background-type":"","background-media":"","overlay-type":"","overlay-color":"","overlay-opacity":"","overlay-gradient":""},"tablet":{"background-color":"var(--ast-global-color-5)","background-image":"","background-repeat":"repeat","background-position":"center center","background-size":"auto","background-attachment":"scroll","background-type":"","background-media":"","overlay-type":"","overlay-color":"","overlay-opacity":"","overlay-gradient":""},"mobile":{"background-color":"var(--ast-global-color-5)","background-image":"","background-repeat":"repeat","background-position":"center center","background-size":"auto","background-attachment":"scroll","background-type":"","background-media":"","overlay-type":"","overlay-color":"","overlay-opacity":"","overlay-gradient":""}}},"product_brand":[],"product_cat":[71],"product_tag":[],"class_list":{"0":"post-3248","1":"product","2":"type-product","3":"status-publish","4":"has-post-thumbnail","6":"product_cat-dua-kho","7":"desktop-align-center","8":"tablet-align-left","9":"mobile-align-left","10":"ast-product-gallery-layout-horizontal-slider","11":"ast-product-tabs-layout-horizontal","13":"first","14":"instock","15":"shipping-taxable","16":"product-type-simple"},"yoast_head":"<!-- This site is optimized with the Yoast SEO plugin v25.7 - https:\/\/yoast.com\/wordpress\/plugins\/seo\/ -->\n<title>D\u1eeba N\u1ea1o S\u1ea5y \u2013 H\u00e0m L\u01b0\u1ee3ng D\u1ea7u Th\u1ea5p - AVC Farm<\/title>\n<meta name=\"robots\" content=\"index, follow, max-snippet:-1, max-image-preview:large, max-video-preview:-1\" \/>\n<link rel=\"canonical\" href=\"https:\/\/avcfarm.vn\/san-pham\/desiccated-coconut-low-fat\/\" \/>\n<meta property=\"og:locale\" content=\"vi_VN\" \/>\n<meta property=\"og:type\" content=\"article\" \/>\n<meta property=\"og:title\" content=\"D\u1eeba N\u1ea1o S\u1ea5y \u2013 H\u00e0m L\u01b0\u1ee3ng D\u1ea7u Th\u1ea5p - AVC Farm\" \/>\n<meta property=\"og:description\" content=\"Th\u00e0nh ph\u1ea7n: 100% d\u1eeba nguy\u00ean ch\u1ea5t t\u1ef1 nhi\u00ean H\u00e0m l\u01b0\u1ee3ng d\u1ea7u: Ch\u1ea5t b\u00e9o cao (62-65%) v\u00e0 Ch\u1ea5t b\u00e9o th\u1ea5p (40-45%) \u0110\u1ed9 \u1ea9m: Ch\u1ea5t b\u00e9o cao: t\u1ed1i \u0111a 3%; Ch\u1ea5t b\u00e9o th\u1ea5p: t\u1ed1i \u0111a 4,5% FFA (d\u01b0\u1edbi d\u1ea1ng Axit Lauric): T\u1ed1i \u0111a 0,3% H\u01b0\u01a1ng v\u1ecb v\u00e0 m\u00f9i v\u1ecb: Ch\u1ea5t b\u00e9o nh\u1eb9. Kh\u00f4ng c\u00f3 m\u00f9i l\u1ea1, h\u01b0\u01a1ng v\u1ecb d\u1eeba s\u1ea5y kh\u00f4 \u0111\u1eb7c tr\u01b0ng. Kh\u00f4ng c\u00f3 m\u00f9i m\u1ea1nh \u0110\u00f3ng g\u00f3i: 25\/50kgs\/bao (1PE + 2 Krafts + 1PP) Xu\u1ea5t x\u1ee9: Vi\u1ec7t Nam\" \/>\n<meta property=\"og:url\" content=\"https:\/\/avcfarm.vn\/san-pham\/desiccated-coconut-low-fat\/\" \/>\n<meta property=\"og:site_name\" content=\"AVC Farm\" \/>\n<meta property=\"article:modified_time\" content=\"2025-05-21T10:22:03+00:00\" \/>\n<meta property=\"og:image\" content=\"https:\/\/avcfarm.vn\/wp-content\/uploads\/2025\/04\/COM-DUA-LOW-FAT-DESICCATED-LOW-FAT.png\" \/>\n\t<meta property=\"og:image:width\" content=\"431\" \/>\n\t<meta property=\"og:image:height\" content=\"418\" \/>\n\t<meta property=\"og:image:type\" content=\"image\/png\" \/>\n<meta name=\"twitter:card\" content=\"summary_large_image\" \/>\n<script type=\"application\/ld+json\" class=\"yoast-schema-graph\">{\"@context\":\"https:\/\/schema.org\",\"@graph\":[{\"@type\":\"WebPage\",\"@id\":\"https:\/\/avcfarm.vn\/san-pham\/desiccated-coconut-low-fat\/\",\"url\":\"https:\/\/avcfarm.vn\/san-pham\/desiccated-coconut-low-fat\/\",\"name\":\"D\u1eeba N\u1ea1o S\u1ea5y \u2013 H\u00e0m L\u01b0\u1ee3ng D\u1ea7u Th\u1ea5p - AVC Farm\",\"isPartOf\":{\"@id\":\"https:\/\/avcfarm.vn\/vi\/#website\"},\"primaryImageOfPage\":{\"@id\":\"https:\/\/avcfarm.vn\/san-pham\/desiccated-coconut-low-fat\/#primaryimage\"},\"image\":{\"@id\":\"https:\/\/avcfarm.vn\/san-pham\/desiccated-coconut-low-fat\/#primaryimage\"},\"thumbnailUrl\":\"https:\/\/avcfarm.vn\/wp-content\/uploads\/2025\/04\/COM-DUA-LOW-FAT-DESICCATED-LOW-FAT.png\",\"datePublished\":\"2025-04-28T02:43:02+00:00\",\"dateModified\":\"2025-05-21T10:22:03+00:00\",\"breadcrumb\":{\"@id\":\"https:\/\/avcfarm.vn\/san-pham\/desiccated-coconut-low-fat\/#breadcrumb\"},\"inLanguage\":\"vi-VN\",\"potentialAction\":[{\"@type\":\"ReadAction\",\"target\":[\"https:\/\/avcfarm.vn\/san-pham\/desiccated-coconut-low-fat\/\"]}]},{\"@type\":\"ImageObject\",\"inLanguage\":\"vi-VN\",\"@id\":\"https:\/\/avcfarm.vn\/san-pham\/desiccated-coconut-low-fat\/#primaryimage\",\"url\":\"https:\/\/avcfarm.vn\/wp-content\/uploads\/2025\/04\/COM-DUA-LOW-FAT-DESICCATED-LOW-FAT.png\",\"contentUrl\":\"https:\/\/avcfarm.vn\/wp-content\/uploads\/2025\/04\/COM-DUA-LOW-FAT-DESICCATED-LOW-FAT.png\",\"width\":431,\"height\":418},{\"@type\":\"BreadcrumbList\",\"@id\":\"https:\/\/avcfarm.vn\/san-pham\/desiccated-coconut-low-fat\/#breadcrumb\",\"itemListElement\":[{\"@type\":\"ListItem\",\"position\":1,\"name\":\"Home\",\"item\":\"https:\/\/avcfarm.vn\/vi\/\"},{\"@type\":\"ListItem\",\"position\":2,\"name\":\"Shop\",\"item\":\"https:\/\/avcfarm.vn\/vi\/shop\/\"},{\"@type\":\"ListItem\",\"position\":3,\"name\":\"D\u1eeba N\u1ea1o S\u1ea5y \u2013 H\u00e0m L\u01b0\u1ee3ng D\u1ea7u Th\u1ea5p\"}]},{\"@type\":\"WebSite\",\"@id\":\"https:\/\/avcfarm.vn\/vi\/#website\",\"url\":\"https:\/\/avcfarm.vn\/vi\/\",\"name\":\"AVC Farm\",\"description\":\"\",\"publisher\":{\"@id\":\"https:\/\/avcfarm.vn\/vi\/#organization\"},\"potentialAction\":[{\"@type\":\"SearchAction\",\"target\":{\"@type\":\"EntryPoint\",\"urlTemplate\":\"https:\/\/avcfarm.vn\/vi\/?s={search_term_string}\"},\"query-input\":{\"@type\":\"PropertyValueSpecification\",\"valueRequired\":true,\"valueName\":\"search_term_string\"}}],\"inLanguage\":\"vi-VN\"},{\"@type\":\"Organization\",\"@id\":\"https:\/\/avcfarm.vn\/vi\/#organization\",\"name\":\"AVC Farm\",\"url\":\"https:\/\/avcfarm.vn\/vi\/\",\"logo\":{\"@type\":\"ImageObject\",\"inLanguage\":\"vi-VN\",\"@id\":\"https:\/\/avcfarm.vn\/vi\/#\/schema\/logo\/image\/\",\"url\":\"https:\/\/avcfarm.vn\/wp-content\/uploads\/2025\/05\/logoheader_avcgroup.png\",\"contentUrl\":\"https:\/\/avcfarm.vn\/wp-content\/uploads\/2025\/05\/logoheader_avcgroup.png\",\"width\":491,\"height\":192,\"caption\":\"AVC Farm\"},\"image\":{\"@id\":\"https:\/\/avcfarm.vn\/vi\/#\/schema\/logo\/image\/\"}}]}<\/script>\n<!-- \/ Yoast SEO plugin. -->","yoast_head_json":{"title":"D\u1eeba N\u1ea1o S\u1ea5y \u2013 H\u00e0m L\u01b0\u1ee3ng D\u1ea7u Th\u1ea5p - AVC Farm","robots":{"index":"index","follow":"follow","max-snippet":"max-snippet:-1","max-image-preview":"max-image-preview:large","max-video-preview":"max-video-preview:-1"},"canonical":"https:\/\/avcfarm.vn\/san-pham\/desiccated-coconut-low-fat\/","og_locale":"vi_VN","og_type":"article","og_title":"D\u1eeba N\u1ea1o S\u1ea5y \u2013 H\u00e0m L\u01b0\u1ee3ng D\u1ea7u Th\u1ea5p - AVC Farm","og_description":"Th\u00e0nh ph\u1ea7n: 100% d\u1eeba nguy\u00ean ch\u1ea5t t\u1ef1 nhi\u00ean H\u00e0m l\u01b0\u1ee3ng d\u1ea7u: Ch\u1ea5t b\u00e9o cao (62-65%) v\u00e0 Ch\u1ea5t b\u00e9o th\u1ea5p (40-45%) \u0110\u1ed9 \u1ea9m: Ch\u1ea5t b\u00e9o cao: t\u1ed1i \u0111a 3%; Ch\u1ea5t b\u00e9o th\u1ea5p: t\u1ed1i \u0111a 4,5% FFA (d\u01b0\u1edbi d\u1ea1ng Axit Lauric): T\u1ed1i \u0111a 0,3% H\u01b0\u01a1ng v\u1ecb v\u00e0 m\u00f9i v\u1ecb: Ch\u1ea5t b\u00e9o nh\u1eb9. Kh\u00f4ng c\u00f3 m\u00f9i l\u1ea1, h\u01b0\u01a1ng v\u1ecb d\u1eeba s\u1ea5y kh\u00f4 \u0111\u1eb7c tr\u01b0ng. Kh\u00f4ng c\u00f3 m\u00f9i m\u1ea1nh \u0110\u00f3ng g\u00f3i: 25\/50kgs\/bao (1PE + 2 Krafts + 1PP) Xu\u1ea5t x\u1ee9: Vi\u1ec7t Nam","og_url":"https:\/\/avcfarm.vn\/san-pham\/desiccated-coconut-low-fat\/","og_site_name":"AVC Farm","article_modified_time":"2025-05-21T10:22:03+00:00","og_image":[{"width":431,"height":418,"url":"https:\/\/avcfarm.vn\/wp-content\/uploads\/2025\/04\/COM-DUA-LOW-FAT-DESICCATED-LOW-FAT.png","type":"image\/png"}],"twitter_card":"summary_large_image","schema":{"@context":"https:\/\/schema.org","@graph":[{"@type":"WebPage","@id":"https:\/\/avcfarm.vn\/san-pham\/desiccated-coconut-low-fat\/","url":"https:\/\/avcfarm.vn\/san-pham\/desiccated-coconut-low-fat\/","name":"D\u1eeba N\u1ea1o S\u1ea5y \u2013 H\u00e0m L\u01b0\u1ee3ng D\u1ea7u Th\u1ea5p - AVC Farm","isPartOf":{"@id":"https:\/\/avcfarm.vn\/vi\/#website"},"primaryImageOfPage":{"@id":"https:\/\/avcfarm.vn\/san-pham\/desiccated-coconut-low-fat\/#primaryimage"},"image":{"@id":"https:\/\/avcfarm.vn\/san-pham\/desiccated-coconut-low-fat\/#primaryimage"},"thumbnailUrl":"https:\/\/avcfarm.vn\/wp-content\/uploads\/2025\/04\/COM-DUA-LOW-FAT-DESICCATED-LOW-FAT.png","datePublished":"2025-04-28T02:43:02+00:00","dateModified":"2025-05-21T10:22:03+00:00","breadcrumb":{"@id":"https:\/\/avcfarm.vn\/san-pham\/desiccated-coconut-low-fat\/#breadcrumb"},"inLanguage":"vi-VN","potentialAction":[{"@type":"ReadAction","target":["https:\/\/avcfarm.vn\/san-pham\/desiccated-coconut-low-fat\/"]}]},{"@type":"ImageObject","inLanguage":"vi-VN","@id":"https:\/\/avcfarm.vn\/san-pham\/desiccated-coconut-low-fat\/#primaryimage","url":"https:\/\/avcfarm.vn\/wp-content\/uploads\/2025\/04\/COM-DUA-LOW-FAT-DESICCATED-LOW-FAT.png","contentUrl":"https:\/\/avcfarm.vn\/wp-content\/uploads\/2025\/04\/COM-DUA-LOW-FAT-DESICCATED-LOW-FAT.png","width":431,"height":418},{"@type":"BreadcrumbList","@id":"https:\/\/avcfarm.vn\/san-pham\/desiccated-coconut-low-fat\/#breadcrumb","itemListElement":[{"@type":"ListItem","position":1,"name":"Home","item":"https:\/\/avcfarm.vn\/vi\/"},{"@type":"ListItem","position":2,"name":"Shop","item":"https:\/\/avcfarm.vn\/vi\/shop\/"},{"@type":"ListItem","position":3,"name":"D\u1eeba N\u1ea1o S\u1ea5y \u2013 H\u00e0m L\u01b0\u1ee3ng D\u1ea7u Th\u1ea5p"}]},{"@type":"WebSite","@id":"https:\/\/avcfarm.vn\/vi\/#website","url":"https:\/\/avcfarm.vn\/vi\/","name":"AVC Farm","description":"","publisher":{"@id":"https:\/\/avcfarm.vn\/vi\/#organization"},"potentialAction":[{"@type":"SearchAction","target":{"@type":"EntryPoint","urlTemplate":"https:\/\/avcfarm.vn\/vi\/?s={search_term_string}"},"query-input":{"@type":"PropertyValueSpecification","valueRequired":true,"valueName":"search_term_string"}}],"inLanguage":"vi-VN"},{"@type":"Organization","@id":"https:\/\/avcfarm.vn\/vi\/#organization","name":"AVC Farm","url":"https:\/\/avcfarm.vn\/vi\/","logo":{"@type":"ImageObject","inLanguage":"vi-VN","@id":"https:\/\/avcfarm.vn\/vi\/#\/schema\/logo\/image\/","url":"https:\/\/avcfarm.vn\/wp-content\/uploads\/2025\/05\/logoheader_avcgroup.png","contentUrl":"https:\/\/avcfarm.vn\/wp-content\/uploads\/2025\/05\/logoheader_avcgroup.png","width":491,"height":192,"caption":"AVC Farm"},"image":{"@id":"https:\/\/avcfarm.vn\/vi\/#\/schema\/logo\/image\/"}}]}},"_links":{"self":[{"href":"https:\/\/avcfarm.vn\/vi\/wp-json\/wp\/v2\/product\/3248","targetHints":{"allow":["GET"]}}],"collection":[{"href":"https:\/\/avcfarm.vn\/vi\/wp-json\/wp\/v2\/product"}],"about":[{"href":"https:\/\/avcfarm.vn\/vi\/wp-json\/wp\/v2\/types\/product"}],"replies":[{"embeddable":true,"href":"https:\/\/avcfarm.vn\/vi\/wp-json\/wp\/v2\/comments?post=3248"}],"wp:featuredmedia":[{"embeddable":true,"href":"https:\/\/avcfarm.vn\/vi\/wp-json\/wp\/v2\/media\/2493"}],"wp:attachment":[{"href":"https:\/\/avcfarm.vn\/vi\/wp-json\/wp\/v2\/media?parent=3248"}],"wp:term":[{"taxonomy":"product_brand","embeddable":true,"href":"https:\/\/avcfarm.vn\/vi\/wp-json\/wp\/v2\/product_brand?post=3248"},{"taxonomy":"product_cat","embeddable":true,"href":"https:\/\/avcfarm.vn\/vi\/wp-json\/wp\/v2\/product_cat?post=3248"},{"taxonomy":"product_tag","embeddable":true,"href":"https:\/\/avcfarm.vn\/vi\/wp-json\/wp\/v2\/product_tag?post=3248"}],"curies":[{"name":"wp","href":"https:\/\/api.w.org\/{rel}","templated":true}]}}