{"id":3410,"date":"2025-05-23T14:44:31","date_gmt":"2025-05-23T07:44:31","guid":{"rendered":"https:\/\/avcfarm.vn\/san-pham\/hoa-hoi-mua-thu-2\/"},"modified":"2025-05-23T14:44:31","modified_gmt":"2025-05-23T07:44:31","slug":"hoa-hoi-mua-thu-2","status":"publish","type":"product","link":"https:\/\/avcfarm.vn\/vi\/san-pham\/hoa-hoi-mua-thu-2\/","title":{"rendered":"Hoa H\u1ed3i M\u00f9a Thu"},"content":{"rendered":"<p class=\"\" data-start=\"857\" data-end=\"877\"><strong data-start=\"857\" data-end=\"877\">Chi ti\u1ebft s\u1ea3n ph\u1ea9m:<\/strong><\/p>\n<ul data-start=\"878\" data-end=\"1110\">\n<li class=\"\" data-start=\"878\" data-end=\"915\">\n<p class=\"\" data-start=\"880\" data-end=\"915\"><strong data-start=\"880\" data-end=\"897\">T\u00ean s\u1ea3n ph\u1ea9m:<\/strong> Hoa H\u1ed3i M\u00f9a Thu<\/p>\n<\/li>\n<li class=\"\" data-start=\"916\" data-end=\"953\">\n<p class=\"\" data-start=\"918\" data-end=\"953\"><strong data-start=\"918\" data-end=\"939\">\u0110\u1ed9 \u1ea9m: <\/strong>T\u1ed1i \u0111a 13,5%<\/p>\n<\/li>\n<li class=\"\" data-start=\"954\" data-end=\"981\">\n<p class=\"\" data-start=\"956\" data-end=\"981\"><strong data-start=\"956\" data-end=\"970\">Ph\u1ee5 gia:<\/strong> T\u1ed1i \u0111a 1%<\/p>\n<\/li>\n<li class=\"\" data-start=\"1053\" data-end=\"1088\">\n<p class=\"\" data-start=\"1055\" data-end=\"1088\"><strong data-start=\"1055\" data-end=\"1067\">\u0110\u00f3ng g\u00f3i: <\/strong>Th\u00f9ng carton (T\u1ecbnh 5\/10 kg)<\/p>\n<\/li>\n<\/ul>\n","protected":false},"excerpt":{"rendered":"<div class=\"woocommerce-product-details__short-description\">\n<p>Ph\u1ee5 gia: T\u1ed1i \u0111a 1%<br \/>\n\u0110\u1ed9 \u1ea9m: T\u1ed1i \u0111a 13,5%<br \/>\n\u0110\u00f3ng g\u00f3i: Th\u00f9ng carton (T\u1ecbnh 5\/10 kg)<\/p>\n<\/div>\n","protected":false},"featured_media":2536,"comment_status":"open","ping_status":"closed","template":"","meta":{"site-sidebar-layout":"default","site-content-layout":"","ast-site-content-layout":"default","site-content-style":"default","site-sidebar-style":"default","ast-global-header-display":"","ast-banner-title-visibility":"","ast-main-header-display":"","ast-hfb-above-header-display":"","ast-hfb-below-header-display":"","ast-hfb-mobile-header-display":"","site-post-title":"","ast-breadcrumbs-content":"","ast-featured-img":"","footer-sml-layout":"","theme-transparent-header-meta":"default","adv-header-id-meta":"","stick-header-meta":"default","header-above-stick-meta":"","header-main-stick-meta":"","header-below-stick-meta":"","astra-migrate-meta-layouts":"default","ast-page-background-enabled":"default","ast-page-background-meta":{"desktop":{"background-color":"var(--ast-global-color-4)","background-image":"","background-repeat":"repeat","background-position":"center center","background-size":"auto","background-attachment":"scroll","background-type":"","background-media":"","overlay-type":"","overlay-color":"","overlay-opacity":"","overlay-gradient":""},"tablet":{"background-color":"","background-image":"","background-repeat":"repeat","background-position":"center center","background-size":"auto","background-attachment":"scroll","background-type":"","background-media":"","overlay-type":"","overlay-color":"","overlay-opacity":"","overlay-gradient":""},"mobile":{"background-color":"","background-image":"","background-repeat":"repeat","background-position":"center center","background-size":"auto","background-attachment":"scroll","background-type":"","background-media":"","overlay-type":"","overlay-color":"","overlay-opacity":"","overlay-gradient":""}},"ast-content-background-meta":{"desktop":{"background-color":"var(--ast-global-color-5)","background-image":"","background-repeat":"repeat","background-position":"center center","background-size":"auto","background-attachment":"scroll","background-type":"","background-media":"","overlay-type":"","overlay-color":"","overlay-opacity":"","overlay-gradient":""},"tablet":{"background-color":"var(--ast-global-color-5)","background-image":"","background-repeat":"repeat","background-position":"center center","background-size":"auto","background-attachment":"scroll","background-type":"","background-media":"","overlay-type":"","overlay-color":"","overlay-opacity":"","overlay-gradient":""},"mobile":{"background-color":"var(--ast-global-color-5)","background-image":"","background-repeat":"repeat","background-position":"center center","background-size":"auto","background-attachment":"scroll","background-type":"","background-media":"","overlay-type":"","overlay-color":"","overlay-opacity":"","overlay-gradient":""}}},"product_brand":[],"product_cat":[76],"product_tag":[],"class_list":{"0":"post-3410","1":"product","2":"type-product","3":"status-publish","4":"has-post-thumbnail","6":"product_cat-hoi","7":"desktop-align-center","8":"tablet-align-left","9":"mobile-align-left","10":"ast-product-gallery-layout-horizontal-slider","11":"ast-product-tabs-layout-horizontal","13":"first","14":"instock","15":"shipping-taxable","16":"product-type-simple"},"yoast_head":"<!-- This site is optimized with the Yoast SEO plugin v25.7 - https:\/\/yoast.com\/wordpress\/plugins\/seo\/ -->\n<title>Hoa H\u1ed3i M\u00f9a Thu - AVC Farm<\/title>\n<meta name=\"robots\" content=\"index, follow, max-snippet:-1, max-image-preview:large, max-video-preview:-1\" \/>\n<link rel=\"canonical\" href=\"https:\/\/avcfarm.vn\/san-pham\/autumn-star-anise\/\" \/>\n<meta property=\"og:locale\" content=\"vi_VN\" \/>\n<meta property=\"og:type\" content=\"article\" \/>\n<meta property=\"og:title\" content=\"Hoa H\u1ed3i M\u00f9a Thu - AVC Farm\" \/>\n<meta property=\"og:description\" content=\"Ph\u1ee5 gia: T\u1ed1i \u0111a 1% \u0110\u1ed9 \u1ea9m: T\u1ed1i \u0111a 13,5% \u0110\u00f3ng g\u00f3i: Th\u00f9ng carton (T\u1ecbnh 5\/10 kg)\" \/>\n<meta property=\"og:url\" content=\"https:\/\/avcfarm.vn\/san-pham\/autumn-star-anise\/\" \/>\n<meta property=\"og:site_name\" content=\"AVC Farm\" \/>\n<meta property=\"og:image\" content=\"https:\/\/avcfarm.vn\/wp-content\/uploads\/2025\/04\/HOI-THU.png\" \/>\n\t<meta property=\"og:image:width\" content=\"410\" \/>\n\t<meta property=\"og:image:height\" content=\"499\" \/>\n\t<meta property=\"og:image:type\" content=\"image\/png\" \/>\n<meta name=\"twitter:card\" content=\"summary_large_image\" \/>\n<script type=\"application\/ld+json\" class=\"yoast-schema-graph\">{\"@context\":\"https:\/\/schema.org\",\"@graph\":[{\"@type\":\"WebPage\",\"@id\":\"https:\/\/avcfarm.vn\/san-pham\/autumn-star-anise\/\",\"url\":\"https:\/\/avcfarm.vn\/san-pham\/autumn-star-anise\/\",\"name\":\"Hoa H\u1ed3i M\u00f9a Thu - AVC Farm\",\"isPartOf\":{\"@id\":\"https:\/\/avcfarm.vn\/vi\/#website\"},\"primaryImageOfPage\":{\"@id\":\"https:\/\/avcfarm.vn\/san-pham\/autumn-star-anise\/#primaryimage\"},\"image\":{\"@id\":\"https:\/\/avcfarm.vn\/san-pham\/autumn-star-anise\/#primaryimage\"},\"thumbnailUrl\":\"https:\/\/avcfarm.vn\/wp-content\/uploads\/2025\/04\/HOI-THU.png\",\"datePublished\":\"2025-05-23T07:44:31+00:00\",\"breadcrumb\":{\"@id\":\"https:\/\/avcfarm.vn\/san-pham\/autumn-star-anise\/#breadcrumb\"},\"inLanguage\":\"vi-VN\",\"potentialAction\":[{\"@type\":\"ReadAction\",\"target\":[\"https:\/\/avcfarm.vn\/san-pham\/autumn-star-anise\/\"]}]},{\"@type\":\"ImageObject\",\"inLanguage\":\"vi-VN\",\"@id\":\"https:\/\/avcfarm.vn\/san-pham\/autumn-star-anise\/#primaryimage\",\"url\":\"https:\/\/avcfarm.vn\/wp-content\/uploads\/2025\/04\/HOI-THU.png\",\"contentUrl\":\"https:\/\/avcfarm.vn\/wp-content\/uploads\/2025\/04\/HOI-THU.png\",\"width\":410,\"height\":499},{\"@type\":\"BreadcrumbList\",\"@id\":\"https:\/\/avcfarm.vn\/san-pham\/autumn-star-anise\/#breadcrumb\",\"itemListElement\":[{\"@type\":\"ListItem\",\"position\":1,\"name\":\"Home\",\"item\":\"https:\/\/avcfarm.vn\/vi\/\"},{\"@type\":\"ListItem\",\"position\":2,\"name\":\"Shop\",\"item\":\"https:\/\/avcfarm.vn\/vi\/shop\/\"},{\"@type\":\"ListItem\",\"position\":3,\"name\":\"Hoa H\u1ed3i M\u00f9a Thu\"}]},{\"@type\":\"WebSite\",\"@id\":\"https:\/\/avcfarm.vn\/vi\/#website\",\"url\":\"https:\/\/avcfarm.vn\/vi\/\",\"name\":\"AVC Farm\",\"description\":\"\",\"publisher\":{\"@id\":\"https:\/\/avcfarm.vn\/vi\/#organization\"},\"potentialAction\":[{\"@type\":\"SearchAction\",\"target\":{\"@type\":\"EntryPoint\",\"urlTemplate\":\"https:\/\/avcfarm.vn\/vi\/?s={search_term_string}\"},\"query-input\":{\"@type\":\"PropertyValueSpecification\",\"valueRequired\":true,\"valueName\":\"search_term_string\"}}],\"inLanguage\":\"vi-VN\"},{\"@type\":\"Organization\",\"@id\":\"https:\/\/avcfarm.vn\/vi\/#organization\",\"name\":\"AVC Farm\",\"url\":\"https:\/\/avcfarm.vn\/vi\/\",\"logo\":{\"@type\":\"ImageObject\",\"inLanguage\":\"vi-VN\",\"@id\":\"https:\/\/avcfarm.vn\/vi\/#\/schema\/logo\/image\/\",\"url\":\"https:\/\/avcfarm.vn\/wp-content\/uploads\/2025\/05\/logoheader_avcgroup.png\",\"contentUrl\":\"https:\/\/avcfarm.vn\/wp-content\/uploads\/2025\/05\/logoheader_avcgroup.png\",\"width\":491,\"height\":192,\"caption\":\"AVC Farm\"},\"image\":{\"@id\":\"https:\/\/avcfarm.vn\/vi\/#\/schema\/logo\/image\/\"}}]}<\/script>\n<!-- \/ Yoast SEO plugin. -->","yoast_head_json":{"title":"Hoa H\u1ed3i M\u00f9a Thu - AVC Farm","robots":{"index":"index","follow":"follow","max-snippet":"max-snippet:-1","max-image-preview":"max-image-preview:large","max-video-preview":"max-video-preview:-1"},"canonical":"https:\/\/avcfarm.vn\/san-pham\/autumn-star-anise\/","og_locale":"vi_VN","og_type":"article","og_title":"Hoa H\u1ed3i M\u00f9a Thu - AVC Farm","og_description":"Ph\u1ee5 gia: T\u1ed1i \u0111a 1% \u0110\u1ed9 \u1ea9m: T\u1ed1i \u0111a 13,5% \u0110\u00f3ng g\u00f3i: Th\u00f9ng carton (T\u1ecbnh 5\/10 kg)","og_url":"https:\/\/avcfarm.vn\/san-pham\/autumn-star-anise\/","og_site_name":"AVC Farm","og_image":[{"width":410,"height":499,"url":"https:\/\/avcfarm.vn\/wp-content\/uploads\/2025\/04\/HOI-THU.png","type":"image\/png"}],"twitter_card":"summary_large_image","schema":{"@context":"https:\/\/schema.org","@graph":[{"@type":"WebPage","@id":"https:\/\/avcfarm.vn\/san-pham\/autumn-star-anise\/","url":"https:\/\/avcfarm.vn\/san-pham\/autumn-star-anise\/","name":"Hoa H\u1ed3i M\u00f9a Thu - AVC Farm","isPartOf":{"@id":"https:\/\/avcfarm.vn\/vi\/#website"},"primaryImageOfPage":{"@id":"https:\/\/avcfarm.vn\/san-pham\/autumn-star-anise\/#primaryimage"},"image":{"@id":"https:\/\/avcfarm.vn\/san-pham\/autumn-star-anise\/#primaryimage"},"thumbnailUrl":"https:\/\/avcfarm.vn\/wp-content\/uploads\/2025\/04\/HOI-THU.png","datePublished":"2025-05-23T07:44:31+00:00","breadcrumb":{"@id":"https:\/\/avcfarm.vn\/san-pham\/autumn-star-anise\/#breadcrumb"},"inLanguage":"vi-VN","potentialAction":[{"@type":"ReadAction","target":["https:\/\/avcfarm.vn\/san-pham\/autumn-star-anise\/"]}]},{"@type":"ImageObject","inLanguage":"vi-VN","@id":"https:\/\/avcfarm.vn\/san-pham\/autumn-star-anise\/#primaryimage","url":"https:\/\/avcfarm.vn\/wp-content\/uploads\/2025\/04\/HOI-THU.png","contentUrl":"https:\/\/avcfarm.vn\/wp-content\/uploads\/2025\/04\/HOI-THU.png","width":410,"height":499},{"@type":"BreadcrumbList","@id":"https:\/\/avcfarm.vn\/san-pham\/autumn-star-anise\/#breadcrumb","itemListElement":[{"@type":"ListItem","position":1,"name":"Home","item":"https:\/\/avcfarm.vn\/vi\/"},{"@type":"ListItem","position":2,"name":"Shop","item":"https:\/\/avcfarm.vn\/vi\/shop\/"},{"@type":"ListItem","position":3,"name":"Hoa H\u1ed3i M\u00f9a Thu"}]},{"@type":"WebSite","@id":"https:\/\/avcfarm.vn\/vi\/#website","url":"https:\/\/avcfarm.vn\/vi\/","name":"AVC Farm","description":"","publisher":{"@id":"https:\/\/avcfarm.vn\/vi\/#organization"},"potentialAction":[{"@type":"SearchAction","target":{"@type":"EntryPoint","urlTemplate":"https:\/\/avcfarm.vn\/vi\/?s={search_term_string}"},"query-input":{"@type":"PropertyValueSpecification","valueRequired":true,"valueName":"search_term_string"}}],"inLanguage":"vi-VN"},{"@type":"Organization","@id":"https:\/\/avcfarm.vn\/vi\/#organization","name":"AVC Farm","url":"https:\/\/avcfarm.vn\/vi\/","logo":{"@type":"ImageObject","inLanguage":"vi-VN","@id":"https:\/\/avcfarm.vn\/vi\/#\/schema\/logo\/image\/","url":"https:\/\/avcfarm.vn\/wp-content\/uploads\/2025\/05\/logoheader_avcgroup.png","contentUrl":"https:\/\/avcfarm.vn\/wp-content\/uploads\/2025\/05\/logoheader_avcgroup.png","width":491,"height":192,"caption":"AVC Farm"},"image":{"@id":"https:\/\/avcfarm.vn\/vi\/#\/schema\/logo\/image\/"}}]}},"_links":{"self":[{"href":"https:\/\/avcfarm.vn\/vi\/wp-json\/wp\/v2\/product\/3410","targetHints":{"allow":["GET"]}}],"collection":[{"href":"https:\/\/avcfarm.vn\/vi\/wp-json\/wp\/v2\/product"}],"about":[{"href":"https:\/\/avcfarm.vn\/vi\/wp-json\/wp\/v2\/types\/product"}],"replies":[{"embeddable":true,"href":"https:\/\/avcfarm.vn\/vi\/wp-json\/wp\/v2\/comments?post=3410"}],"wp:featuredmedia":[{"embeddable":true,"href":"https:\/\/avcfarm.vn\/vi\/wp-json\/wp\/v2\/media\/2536"}],"wp:attachment":[{"href":"https:\/\/avcfarm.vn\/vi\/wp-json\/wp\/v2\/media?parent=3410"}],"wp:term":[{"taxonomy":"product_brand","embeddable":true,"href":"https:\/\/avcfarm.vn\/vi\/wp-json\/wp\/v2\/product_brand?post=3410"},{"taxonomy":"product_cat","embeddable":true,"href":"https:\/\/avcfarm.vn\/vi\/wp-json\/wp\/v2\/product_cat?post=3410"},{"taxonomy":"product_tag","embeddable":true,"href":"https:\/\/avcfarm.vn\/vi\/wp-json\/wp\/v2\/product_tag?post=3410"}],"curies":[{"name":"wp","href":"https:\/\/api.w.org\/{rel}","templated":true}]}}